{"id":128,"date":"2021-03-29T13:20:29","date_gmt":"2021-03-29T10:20:29","guid":{"rendered":"http:\/\/siirto.vikenpelti.fi\/?page_id=128"},"modified":"2021-03-31T10:27:35","modified_gmt":"2021-03-31T07:27:35","slug":"polyureapinnoite","status":"publish","type":"page","link":"https:\/\/vikenpelti.ngmprojektit.fi\/index.php\/polyureapinnoite\/","title":{"rendered":"Polyureapinnoite"},"content":{"rendered":"\t\t<div data-elementor-type=\"wp-page\" data-elementor-id=\"128\" class=\"elementor elementor-128\" data-elementor-settings=\"[]\">\n\t\t\t\t\t\t\t<div class=\"elementor-section-wrap\">\n\t\t\t\t\t\t\t<section class=\"elementor-section elementor-top-section elementor-element elementor-element-2cf582a elementor-section-stretched elementor-section-boxed elementor-section-height-default elementor-section-height-default\" data-id=\"2cf582a\" data-element_type=\"section\" data-settings=\"{&quot;stretch_section&quot;:&quot;section-stretched&quot;}\">\n\t\t\t\t\t\t<div class=\"elementor-container elementor-column-gap-default\">\n\t\t\t\t\t<div class=\"elementor-column elementor-col-100 elementor-top-column elementor-element elementor-element-afe3c9f\" data-id=\"afe3c9f\" data-element_type=\"column\">\n\t\t\t<div class=\"elementor-widget-wrap elementor-element-populated\">\n\t\t\t\t\t\t\t\t<div class=\"elementor-element elementor-element-e0761b1 elementor-widget elementor-widget-heading\" data-id=\"e0761b1\" data-element_type=\"widget\" data-widget_type=\"heading.default\">\n\t\t\t\t<div class=\"elementor-widget-container\">\n\t\t\t<h2 class=\"elementor-heading-title elementor-size-default\">Polyureapinnoite<\/h2>\t\t<\/div>\n\t\t\t\t<\/div>\n\t\t\t\t\t<\/div>\n\t\t<\/div>\n\t\t\t\t\t\t\t<\/div>\n\t\t<\/section>\n\t\t\t\t<section class=\"elementor-section elementor-top-section elementor-element elementor-element-833b44 elementor-section-content-middle elementor-section-boxed elementor-section-height-default elementor-section-height-default\" data-id=\"833b44\" data-element_type=\"section\">\n\t\t\t\t\t\t<div class=\"elementor-container elementor-column-gap-no\">\n\t\t\t\t\t<div class=\"elementor-column elementor-col-100 elementor-top-column elementor-element elementor-element-55fec890\" data-id=\"55fec890\" data-element_type=\"column\">\n\t\t\t<div class=\"elementor-widget-wrap elementor-element-populated\">\n\t\t\t\t\t\t\t\t<section class=\"elementor-section elementor-inner-section elementor-element elementor-element-434a4bb1 elementor-section-content-middle elementor-section-boxed elementor-section-height-default elementor-section-height-default\" data-id=\"434a4bb1\" data-element_type=\"section\" data-settings=\"{&quot;background_background&quot;:&quot;classic&quot;}\">\n\t\t\t\t\t\t\t<div class=\"elementor-background-overlay\"><\/div>\n\t\t\t\t\t\t\t<div class=\"elementor-container elementor-column-gap-no\">\n\t\t\t\t\t<div class=\"elementor-column elementor-col-33 elementor-inner-column elementor-element elementor-element-739a6ae9\" data-id=\"739a6ae9\" data-element_type=\"column\">\n\t\t\t<div class=\"elementor-widget-wrap elementor-element-populated\">\n\t\t\t\t\t\t\t\t<div class=\"elementor-element elementor-element-47cb659 elementor-widget elementor-widget-image\" data-id=\"47cb659\" data-element_type=\"widget\" data-widget_type=\"image.default\">\n\t\t\t\t<div class=\"elementor-widget-container\">\n\t\t\t\t\t\t\t\t\t\t\t\t\t\t\t<img loading=\"lazy\" decoding=\"async\" width=\"300\" height=\"291\" src=\"https:\/\/vikenpelti.ngmprojektit.fi\/wp-content\/uploads\/2021\/03\/aurinkokuva-2-300x291.jpg\" class=\"attachment-medium size-medium\" alt=\"\" srcset=\"https:\/\/vikenpelti.ngmprojektit.fi\/wp-content\/uploads\/2021\/03\/aurinkokuva-2-300x291.jpg 300w, https:\/\/vikenpelti.ngmprojektit.fi\/wp-content\/uploads\/2021\/03\/aurinkokuva-2-768x745.jpg 768w, https:\/\/vikenpelti.ngmprojektit.fi\/wp-content\/uploads\/2021\/03\/aurinkokuva-2.jpg 1500w\" sizes=\"auto, (max-width: 300px) 100vw, 300px\" \/>\t\t\t\t\t\t\t\t\t\t\t\t\t\t\t<\/div>\n\t\t\t\t<\/div>\n\t\t\t\t\t<\/div>\n\t\t<\/div>\n\t\t\t\t<div class=\"elementor-column elementor-col-33 elementor-inner-column elementor-element elementor-element-63539551\" data-id=\"63539551\" data-element_type=\"column\">\n\t\t\t<div class=\"elementor-widget-wrap elementor-element-populated\">\n\t\t\t\t\t\t\t\t<div class=\"elementor-element elementor-element-4f4923ed elementor-widget elementor-widget-text-editor\" data-id=\"4f4923ed\" data-element_type=\"widget\" data-widget_type=\"text-editor.default\">\n\t\t\t\t<div class=\"elementor-widget-container\">\n\t\t\t\t\t\t\t\t\t\t\t\t\t\t<\/div>\n\t\t\t\t<\/div>\n\t\t\t\t<div class=\"elementor-element elementor-element-756595a elementor-widget elementor-widget-button\" data-id=\"756595a\" data-element_type=\"widget\" data-widget_type=\"button.default\">\n\t\t\t\t<div class=\"elementor-widget-container\">\n\t\t\t\t\t<div class=\"elementor-button-wrapper\">\n\t\t\t<a href=\"https:\/\/vikenpelti.ngmprojektit.fi\/index.php\/lattiapinnoitteet\/\" class=\"elementor-button-link elementor-button elementor-size-sm\" role=\"button\">\n\t\t\t\t\t\t<span class=\"elementor-button-content-wrapper\">\n\t\t\t\t\t\t<span class=\"elementor-button-text\">Lattiapinnoitteet<\/span>\n\t\t<\/span>\n\t\t\t\t\t<\/a>\n\t\t<\/div>\n\t\t\t\t<\/div>\n\t\t\t\t<\/div>\n\t\t\t\t\t<\/div>\n\t\t<\/div>\n\t\t\t\t<div class=\"elementor-column elementor-col-33 elementor-inner-column elementor-element elementor-element-2957f213\" data-id=\"2957f213\" data-element_type=\"column\">\n\t\t\t<div class=\"elementor-widget-wrap elementor-element-populated\">\n\t\t\t\t\t\t\t\t<div class=\"elementor-element elementor-element-f5e4458 elementor-widget elementor-widget-image\" data-id=\"f5e4458\" data-element_type=\"widget\" data-widget_type=\"image.default\">\n\t\t\t\t<div class=\"elementor-widget-container\">\n\t\t\t\t\t\t\t\t\t\t\t\t\t\t\t<img loading=\"lazy\" decoding=\"async\" width=\"300\" height=\"225\" src=\"https:\/\/vikenpelti.ngmprojektit.fi\/wp-content\/uploads\/2021\/03\/Allas-1-300x225.jpg\" class=\"attachment-medium size-medium\" alt=\"\" srcset=\"https:\/\/vikenpelti.ngmprojektit.fi\/wp-content\/uploads\/2021\/03\/Allas-1-300x225.jpg 300w, https:\/\/vikenpelti.ngmprojektit.fi\/wp-content\/uploads\/2021\/03\/Allas-1-768x576.jpg 768w, https:\/\/vikenpelti.ngmprojektit.fi\/wp-content\/uploads\/2021\/03\/Allas-1.jpg 1500w\" sizes=\"auto, (max-width: 300px) 100vw, 300px\" \/>\t\t\t\t\t\t\t\t\t\t\t\t\t\t\t<\/div>\n\t\t\t\t<\/div>\n\t\t\t\t\t<\/div>\n\t\t<\/div>\n\t\t\t\t\t\t\t<\/div>\n\t\t<\/section>\n\t\t\t\t<section class=\"elementor-section elementor-inner-section elementor-element elementor-element-78855e9a elementor-section-content-middle elementor-section-boxed elementor-section-height-default elementor-section-height-default\" data-id=\"78855e9a\" data-element_type=\"section\" data-settings=\"{&quot;background_background&quot;:&quot;gradient&quot;}\">\n\t\t\t\t\t\t\t<div class=\"elementor-background-overlay\"><\/div>\n\t\t\t\t\t\t\t<div class=\"elementor-container elementor-column-gap-no\">\n\t\t\t\t\t<div class=\"elementor-column elementor-col-33 elementor-inner-column elementor-element elementor-element-72bc7593\" data-id=\"72bc7593\" data-element_type=\"column\">\n\t\t\t<div class=\"elementor-widget-wrap elementor-element-populated\">\n\t\t\t\t\t\t\t\t<div class=\"elementor-element elementor-element-79b3b95 elementor-widget elementor-widget-button\" data-id=\"79b3b95\" data-element_type=\"widget\" data-widget_type=\"button.default\">\n\t\t\t\t<div class=\"elementor-widget-container\">\n\t\t\t\t\t<div class=\"elementor-button-wrapper\">\n\t\t\t<a href=\"https:\/\/vikenpelti.ngmprojektit.fi\/index.php\/kattopinnoitteet\/\" class=\"elementor-button-link elementor-button elementor-size-sm\" role=\"button\">\n\t\t\t\t\t\t<span class=\"elementor-button-content-wrapper\">\n\t\t\t\t\t\t<span class=\"elementor-button-text\">Kattopinnoitteet<\/span>\n\t\t<\/span>\n\t\t\t\t\t<\/a>\n\t\t<\/div>\n\t\t\t\t<\/div>\n\t\t\t\t<\/div>\n\t\t\t\t<div class=\"elementor-element elementor-element-714b4ac elementor-widget elementor-widget-text-editor\" data-id=\"714b4ac\" data-element_type=\"widget\" data-widget_type=\"text-editor.default\">\n\t\t\t\t<div class=\"elementor-widget-container\">\n\t\t\t\t\t\t\t\t<p>My\u00f6s vesikatooille koko pinnoitus tai paikkaukset<\/p>\t\t\t\t\t\t<\/div>\n\t\t\t\t<\/div>\n\t\t\t\t\t<\/div>\n\t\t<\/div>\n\t\t\t\t<div class=\"elementor-column elementor-col-33 elementor-inner-column elementor-element elementor-element-68950353\" data-id=\"68950353\" data-element_type=\"column\">\n\t\t\t<div class=\"elementor-widget-wrap elementor-element-populated\">\n\t\t\t\t\t\t\t\t<div class=\"elementor-element elementor-element-21922943 elementor-widget elementor-widget-image\" data-id=\"21922943\" data-element_type=\"widget\" data-widget_type=\"image.default\">\n\t\t\t\t<div class=\"elementor-widget-container\">\n\t\t\t\t\t\t\t\t\t\t\t\t\t\t\t<img loading=\"lazy\" decoding=\"async\" width=\"843\" height=\"632\" src=\"https:\/\/vikenpelti.ngmprojektit.fi\/wp-content\/uploads\/2021\/03\/Lattiakuva2.jpg\" class=\"attachment-large size-large\" alt=\"\" srcset=\"https:\/\/vikenpelti.ngmprojektit.fi\/wp-content\/uploads\/2021\/03\/Lattiakuva2.jpg 2000w, https:\/\/vikenpelti.ngmprojektit.fi\/wp-content\/uploads\/2021\/03\/Lattiakuva2-300x225.jpg 300w, https:\/\/vikenpelti.ngmprojektit.fi\/wp-content\/uploads\/2021\/03\/Lattiakuva2-768x576.jpg 768w, https:\/\/vikenpelti.ngmprojektit.fi\/wp-content\/uploads\/2021\/03\/Lattiakuva2-1536x1152.jpg 1536w\" sizes=\"auto, (max-width: 843px) 100vw, 843px\" \/>\t\t\t\t\t\t\t\t\t\t\t\t\t\t\t<\/div>\n\t\t\t\t<\/div>\n\t\t\t\t\t<\/div>\n\t\t<\/div>\n\t\t\t\t<div class=\"elementor-column elementor-col-33 elementor-inner-column elementor-element elementor-element-4fbb8c07\" data-id=\"4fbb8c07\" data-element_type=\"column\">\n\t\t\t<div class=\"elementor-widget-wrap elementor-element-populated\">\n\t\t\t\t\t\t\t\t<div class=\"elementor-element elementor-element-cf87f7f elementor-widget elementor-widget-button\" data-id=\"cf87f7f\" data-element_type=\"widget\" data-widget_type=\"button.default\">\n\t\t\t\t<div class=\"elementor-widget-container\">\n\t\t\t\t\t<div class=\"elementor-button-wrapper\">\n\t\t\t<a href=\"https:\/\/vikenpelti.ngmprojektit.fi\/index.php\/muut-pinnoitteet\/#\" class=\"elementor-button-link elementor-button elementor-size-sm\" role=\"button\">\n\t\t\t\t\t\t<span class=\"elementor-button-content-wrapper\">\n\t\t\t\t\t\t<span class=\"elementor-button-text\">Muut pinnoitteet<\/span>\n\t\t<\/span>\n\t\t\t\t\t<\/a>\n\t\t<\/div>\n\t\t\t\t<\/div>\n\t\t\t\t<\/div>\n\t\t\t\t<div class=\"elementor-element elementor-element-4b3c704b elementor-widget elementor-widget-text-editor\" data-id=\"4b3c704b\" data-element_type=\"widget\" data-widget_type=\"text-editor.default\">\n\t\t\t\t<div class=\"elementor-widget-container\">\n\t\t\t\t\t\t\t\t<p>Uimaltaat ja muut mielikuvituksen tuotteet<\/p>\t\t\t\t\t\t<\/div>\n\t\t\t\t<\/div>\n\t\t\t\t\t<\/div>\n\t\t<\/div>\n\t\t\t\t\t\t\t<\/div>\n\t\t<\/section>\n\t\t\t\t\t<\/div>\n\t\t<\/div>\n\t\t\t\t\t\t\t<\/div>\n\t\t<\/section>\n\t\t\t\t<section class=\"elementor-section elementor-top-section elementor-element elementor-element-e80d576 elementor-section-boxed elementor-section-height-default elementor-section-height-default\" data-id=\"e80d576\" data-element_type=\"section\">\n\t\t\t\t\t\t<div class=\"elementor-container elementor-column-gap-default\">\n\t\t\t\t\t\t\t\t<\/div>\n\t\t<\/section>\n\t\t\t\t<section class=\"elementor-section elementor-top-section elementor-element elementor-element-3fc5e8a elementor-section-boxed elementor-section-height-default elementor-section-height-default\" data-id=\"3fc5e8a\" data-element_type=\"section\">\n\t\t\t\t\t\t<div class=\"elementor-container elementor-column-gap-default\">\n\t\t\t\t\t<div class=\"elementor-column elementor-col-50 elementor-top-column elementor-element elementor-element-3b6f81d\" data-id=\"3b6f81d\" data-element_type=\"column\">\n\t\t\t<div class=\"elementor-widget-wrap elementor-element-populated\">\n\t\t\t\t\t\t\t\t<div class=\"elementor-element elementor-element-aee5178 elementor-widget elementor-widget-text-editor\" data-id=\"aee5178\" data-element_type=\"widget\" data-widget_type=\"text-editor.default\">\n\t\t\t\t<div class=\"elementor-widget-container\">\n\t\t\t\t\t\t\t\t<p>Rakennuspinnoitus: siltakansien-, parkkihallien- lattioiden-, sokkelien-, konehuoneiden yms pinnoitus<\/p><p>Erikoispinnoitukset: polyureapinnoitusta on k\u00e4ytetty hyv\u00e4ll\u00e4 menestyksell\u00e4 esim. murskelavoihin ja ralliauton pohjiin\u00a0<\/p><p>\u00a0Ajan ja rasituksen kuluttamat pinnat ovat riski monella tavalla. Ne<br \/>\u00a0saattavat vuotaa ja p\u00e4\u00e4st\u00e4\u00e4 vett\u00e4 rakenteisiin. Ne voivat pett\u00e4\u00e4 ja olla<br \/>\u00a0vaarallisia. Niiden korjaamiseen ei kuitenkaan aina tarvita katon\u00a0<br \/>\u00a0remontointia. Polyureapinnoite on pintojen pelastaja, joka antaa uuden,<br \/>\u00a0kest\u00e4v\u00e4n el\u00e4m\u00e4n vanhoille pinnoille jopa seuraavaksi 20 vuodeksi.<br \/>\u00a0Hoidamme pinnoitukset kovan kulutuksen pinnoille ammattitaidolla<br \/>\u00a0jopa vuorokaudessa.<\/p><p>\u00a0TEKNOPUR 300-800 \u2013 YMP\u00c4RIST\u00d6YST\u00c4V\u00c4LLINEN JA KOTIMAINEN PINNOITE<\/p><p>\u00a0Luotamme suomalaisen maalinvalmistajan, Teknoksen ymp\u00e4rist\u00f6yst\u00e4v\u00e4lliseen<br \/>\u00a0TEKNOPUR 300-800 -polyureapinnoiteeseen, joka on suunniteltu antamaan<br \/>\u00a0pinnoille kestoa \u00e4\u00e4rimm\u00e4isiss\u00e4kin s\u00e4\u00e4olosuhteissa ja rasituksessa. Sen<br \/>\u00a0saumaton ja kauttaaltaan yhten\u00e4inen pinta takaa, ett\u00e4 vuodot ovat mennen<br \/>\u00a0talveen lumia ja lopputulos siisti. Pinnoite kuivuu kosketuskuivaksi<br \/>\u00a0jopa 12 sekunnissa, ja t\u00e4ysin k\u00e4ytt\u00f6valmis se on vuorokaudessa.<\/p>\t\t\t\t\t\t<\/div>\n\t\t\t\t<\/div>\n\t\t\t\t\t<\/div>\n\t\t<\/div>\n\t\t\t\t<div class=\"elementor-column elementor-col-50 elementor-top-column elementor-element elementor-element-b87aee4\" data-id=\"b87aee4\" data-element_type=\"column\">\n\t\t\t<div class=\"elementor-widget-wrap elementor-element-populated\">\n\t\t\t\t\t\t\t\t<div class=\"elementor-element elementor-element-04da44a elementor-widget elementor-widget-image\" data-id=\"04da44a\" data-element_type=\"widget\" data-widget_type=\"image.default\">\n\t\t\t\t<div class=\"elementor-widget-container\">\n\t\t\t\t\t\t\t\t\t\t\t\t\t\t\t<img loading=\"lazy\" decoding=\"async\" width=\"843\" height=\"1124\" src=\"https:\/\/vikenpelti.ngmprojektit.fi\/wp-content\/uploads\/2021\/03\/pinnoitustoissa-2.jpg\" class=\"attachment-large size-large\" alt=\"\" srcset=\"https:\/\/vikenpelti.ngmprojektit.fi\/wp-content\/uploads\/2021\/03\/pinnoitustoissa-2.jpg 1125w, https:\/\/vikenpelti.ngmprojektit.fi\/wp-content\/uploads\/2021\/03\/pinnoitustoissa-2-225x300.jpg 225w, https:\/\/vikenpelti.ngmprojektit.fi\/wp-content\/uploads\/2021\/03\/pinnoitustoissa-2-768x1024.jpg 768w\" sizes=\"auto, (max-width: 843px) 100vw, 843px\" \/>\t\t\t\t\t\t\t\t\t\t\t\t\t\t\t<\/div>\n\t\t\t\t<\/div>\n\t\t\t\t\t<\/div>\n\t\t<\/div>\n\t\t\t\t\t\t\t<\/div>\n\t\t<\/section>\n\t\t\t\t\t\t<\/div>\n\t\t\t\t\t<\/div>\n\t\t","protected":false},"excerpt":{"rendered":"<p>Polyureapinnoite Lattiapinnoitteet Kattopinnoitteet My\u00f6s vesikatooille koko pinnoitus tai paikkaukset Muut pinnoitteet Uimaltaat ja muut mielikuvituksen tuotteet Rakennuspinnoitus: siltakansien-, parkkihallien- lattioiden-, sokkelien-, konehuoneiden yms pinnoitus Erikoispinnoitukset:&hellip;<\/p>\n","protected":false},"author":2,"featured_media":0,"parent":0,"menu_order":0,"comment_status":"closed","ping_status":"closed","template":"","meta":{"footnotes":""},"class_list":["post-128","page","type-page","status-publish","hentry"],"yoast_head":"<!-- This site is optimized with the Yoast SEO plugin v16.1.1 - https:\/\/yoast.com\/wordpress\/plugins\/seo\/ -->\n<title>Polyureapinnoite - Viken Pelti Oy<\/title>\n<link rel=\"canonical\" href=\"https:\/\/vikenpelti.ngmprojektit.fi\/index.php\/polyureapinnoite\/\" \/>\n<meta property=\"og:locale\" content=\"fi_FI\" \/>\n<meta property=\"og:type\" content=\"article\" \/>\n<meta property=\"og:title\" content=\"Polyureapinnoite - Viken Pelti Oy\" \/>\n<meta property=\"og:description\" content=\"Polyureapinnoite Lattiapinnoitteet Kattopinnoitteet My\u00f6s vesikatooille koko pinnoitus tai paikkaukset Muut pinnoitteet Uimaltaat ja muut mielikuvituksen tuotteet Rakennuspinnoitus: siltakansien-, parkkihallien- lattioiden-, sokkelien-, konehuoneiden yms pinnoitus Erikoispinnoitukset:&hellip;\" \/>\n<meta property=\"og:url\" content=\"https:\/\/vikenpelti.ngmprojektit.fi\/index.php\/polyureapinnoite\/\" \/>\n<meta property=\"og:site_name\" content=\"Viken Pelti Oy\" \/>\n<meta property=\"article:modified_time\" content=\"2021-03-31T07:27:35+00:00\" \/>\n<meta property=\"og:image\" content=\"https:\/\/vikenpelti.ngmprojektit.fi\/wp-content\/uploads\/2021\/03\/aurinkokuva-2-300x291.jpg\" \/>\n<meta name=\"twitter:card\" content=\"summary_large_image\" \/>\n<meta name=\"twitter:label1\" content=\"Arvioitu lukuaika\">\n\t<meta name=\"twitter:data1\" content=\"1 minuutti\">\n<script type=\"application\/ld+json\" class=\"yoast-schema-graph\">{\"@context\":\"https:\/\/schema.org\",\"@graph\":[{\"@type\":\"WebSite\",\"@id\":\"https:\/\/vikenpelti.ngmprojektit.fi\/#website\",\"url\":\"https:\/\/vikenpelti.ngmprojektit.fi\/\",\"name\":\"Viken Pelti Oy\",\"description\":\"\",\"potentialAction\":[{\"@type\":\"SearchAction\",\"target\":\"https:\/\/vikenpelti.ngmprojektit.fi\/?s={search_term_string}\",\"query-input\":\"required name=search_term_string\"}],\"inLanguage\":\"fi\"},{\"@type\":\"ImageObject\",\"@id\":\"https:\/\/vikenpelti.ngmprojektit.fi\/index.php\/polyureapinnoite\/#primaryimage\",\"inLanguage\":\"fi\",\"url\":\"https:\/\/vikenpelti.ngmprojektit.fi\/wp-content\/uploads\/2021\/03\/aurinkokuva-2.jpg\",\"contentUrl\":\"https:\/\/vikenpelti.ngmprojektit.fi\/wp-content\/uploads\/2021\/03\/aurinkokuva-2.jpg\",\"width\":1500,\"height\":1456},{\"@type\":\"WebPage\",\"@id\":\"https:\/\/vikenpelti.ngmprojektit.fi\/index.php\/polyureapinnoite\/#webpage\",\"url\":\"https:\/\/vikenpelti.ngmprojektit.fi\/index.php\/polyureapinnoite\/\",\"name\":\"Polyureapinnoite - Viken Pelti Oy\",\"isPartOf\":{\"@id\":\"https:\/\/vikenpelti.ngmprojektit.fi\/#website\"},\"primaryImageOfPage\":{\"@id\":\"https:\/\/vikenpelti.ngmprojektit.fi\/index.php\/polyureapinnoite\/#primaryimage\"},\"datePublished\":\"2021-03-29T10:20:29+00:00\",\"dateModified\":\"2021-03-31T07:27:35+00:00\",\"breadcrumb\":{\"@id\":\"https:\/\/vikenpelti.ngmprojektit.fi\/index.php\/polyureapinnoite\/#breadcrumb\"},\"inLanguage\":\"fi\",\"potentialAction\":[{\"@type\":\"ReadAction\",\"target\":[\"https:\/\/vikenpelti.ngmprojektit.fi\/index.php\/polyureapinnoite\/\"]}]},{\"@type\":\"BreadcrumbList\",\"@id\":\"https:\/\/vikenpelti.ngmprojektit.fi\/index.php\/polyureapinnoite\/#breadcrumb\",\"itemListElement\":[{\"@type\":\"ListItem\",\"position\":1,\"item\":{\"@type\":\"WebPage\",\"@id\":\"https:\/\/vikenpelti.ngmprojektit.fi\/\",\"url\":\"https:\/\/vikenpelti.ngmprojektit.fi\/\",\"name\":\"Etusivu\"}},{\"@type\":\"ListItem\",\"position\":2,\"item\":{\"@type\":\"WebPage\",\"@id\":\"https:\/\/vikenpelti.ngmprojektit.fi\/index.php\/polyureapinnoite\/\",\"url\":\"https:\/\/vikenpelti.ngmprojektit.fi\/index.php\/polyureapinnoite\/\",\"name\":\"Polyureapinnoite\"}}]}]}<\/script>\n<!-- \/ Yoast SEO plugin. -->","_links":{"self":[{"href":"https:\/\/vikenpelti.ngmprojektit.fi\/index.php\/wp-json\/wp\/v2\/pages\/128","targetHints":{"allow":["GET"]}}],"collection":[{"href":"https:\/\/vikenpelti.ngmprojektit.fi\/index.php\/wp-json\/wp\/v2\/pages"}],"about":[{"href":"https:\/\/vikenpelti.ngmprojektit.fi\/index.php\/wp-json\/wp\/v2\/types\/page"}],"author":[{"embeddable":true,"href":"https:\/\/vikenpelti.ngmprojektit.fi\/index.php\/wp-json\/wp\/v2\/users\/2"}],"replies":[{"embeddable":true,"href":"https:\/\/vikenpelti.ngmprojektit.fi\/index.php\/wp-json\/wp\/v2\/comments?post=128"}],"version-history":[{"count":53,"href":"https:\/\/vikenpelti.ngmprojektit.fi\/index.php\/wp-json\/wp\/v2\/pages\/128\/revisions"}],"predecessor-version":[{"id":1707,"href":"https:\/\/vikenpelti.ngmprojektit.fi\/index.php\/wp-json\/wp\/v2\/pages\/128\/revisions\/1707"}],"wp:attachment":[{"href":"https:\/\/vikenpelti.ngmprojektit.fi\/index.php\/wp-json\/wp\/v2\/media?parent=128"}],"curies":[{"name":"wp","href":"https:\/\/api.w.org\/{rel}","templated":true}]}}