{"id":133,"date":"2021-03-29T12:47:18","date_gmt":"2021-03-29T09:47:18","guid":{"rendered":"http:\/\/siirto.vikenpelti.fi\/?page_id=133"},"modified":"2021-03-29T14:40:54","modified_gmt":"2021-03-29T11:40:54","slug":"kattopinnoitteet","status":"publish","type":"page","link":"https:\/\/vikenpelti.ngmprojektit.fi\/index.php\/kattopinnoitteet\/","title":{"rendered":"Kattopinnoitteet"},"content":{"rendered":"\t\t<div data-elementor-type=\"wp-page\" data-elementor-id=\"133\" class=\"elementor elementor-133\" data-elementor-settings=\"[]\">\n\t\t\t\t\t\t\t<div class=\"elementor-section-wrap\">\n\t\t\t\t\t\t\t<section class=\"elementor-section elementor-top-section elementor-element elementor-element-d6779df elementor-section-stretched elementor-section-boxed elementor-section-height-default elementor-section-height-default\" data-id=\"d6779df\" data-element_type=\"section\" data-settings=\"{&quot;stretch_section&quot;:&quot;section-stretched&quot;}\">\n\t\t\t\t\t\t<div class=\"elementor-container elementor-column-gap-default\">\n\t\t\t\t\t<div class=\"elementor-column elementor-col-100 elementor-top-column elementor-element elementor-element-a943ab2\" data-id=\"a943ab2\" data-element_type=\"column\">\n\t\t\t<div class=\"elementor-widget-wrap elementor-element-populated\">\n\t\t\t\t\t\t\t\t<div class=\"elementor-element elementor-element-ce13304 elementor-widget elementor-widget-heading\" data-id=\"ce13304\" data-element_type=\"widget\" data-widget_type=\"heading.default\">\n\t\t\t\t<div class=\"elementor-widget-container\">\n\t\t\t<h2 class=\"elementor-heading-title elementor-size-default\">Kest\u00e4v\u00e4 katto ilman kattoremonttia kattopinnoitteella<\/h2>\t\t<\/div>\n\t\t\t\t<\/div>\n\t\t\t\t\t<\/div>\n\t\t<\/div>\n\t\t\t\t\t\t\t<\/div>\n\t\t<\/section>\n\t\t\t\t<section class=\"elementor-section elementor-top-section elementor-element elementor-element-7b0be99 elementor-section-stretched elementor-section-boxed elementor-section-height-default elementor-section-height-default\" data-id=\"7b0be99\" data-element_type=\"section\" data-settings=\"{&quot;stretch_section&quot;:&quot;section-stretched&quot;}\">\n\t\t\t\t\t\t<div class=\"elementor-container elementor-column-gap-default\">\n\t\t\t\t\t<div class=\"elementor-column elementor-col-50 elementor-top-column elementor-element elementor-element-1842df1\" data-id=\"1842df1\" data-element_type=\"column\">\n\t\t\t<div class=\"elementor-widget-wrap elementor-element-populated\">\n\t\t\t\t\t\t\t\t<div class=\"elementor-element elementor-element-48e0a85 elementor-widget elementor-widget-text-editor\" data-id=\"48e0a85\" data-element_type=\"widget\" data-widget_type=\"text-editor.default\">\n\t\t\t\t<div class=\"elementor-widget-container\">\n\t\t\t\t\t\t\t\t<p>En\u00e4\u00e4 ei tarvitse pist\u00e4\u00e4 koko kattoa vaihtoon. Polyureapinnoite on kattopinnoitteena kest\u00e4v\u00e4, nopea ja kustannustehokas vaihtoehto perinteiselle kattoremontille. Pinnoittamalla saadaan t\u00e4ysin saumaton lopputulos, joka antaa katolle jopa 20 vuotta lis\u00e4\u00e4 k\u00e4ytt\u00f6ik\u00e4\u00e4 helposti ja vaivattomasti.<\/p>\n<p><strong>KUSTANNUSTEHOKAS&nbsp;PROSESSI<\/strong><br>Katon pinnoitus on jopa puolet perinteist\u00e4 kattoremonttia edullisempaa. Ty\u00f6 toteutetaan valjaiden tai nostimen avulla, mik\u00e4 antaa isoissa kohteissa huomattavia s\u00e4\u00e4st\u00f6j\u00e4 my\u00f6s telinekustannuksissa. Kattopinnoitetta voidaan ruiskuttaa jopa 1000 m2 p\u00e4iv\u00e4ss\u00e4, joten ty\u00f6 sujuu moninkertaisesti kattoremonttia nopeammin \u2013 pienemmiss\u00e4 kohteissa voi riitt\u00e4\u00e4 yksi p\u00e4iv\u00e4, ja suuremmissakin kohteissa kuluu vain muutamia.<\/p>\n<p><strong>POLYUREAPINNOITE SOVELTUU&nbsp;USEILLE&nbsp;KATTOTYYPEILLE<\/strong><br>Polyureapinnoite soveltuu hyvin erilaisille kattotyypeille, kuten huopa- ja peltikatoille. Jos katto on kuitenkin p\u00e4\u00e4ssyt lahoamaan monilta osin, ei pinnoittaminen v\u00e4ltt\u00e4m\u00e4tt\u00e4 en\u00e4\u00e4 auta. T\u00e4m\u00e4 on syyt\u00e4 tarkistaa ennen k\u00e4sittely\u00e4. Muussa tapauksessa kattopinnoitus soveltuu t\u00e4ydellisesti katoille, jotka ovat pohjoismaisten, vaihtelevien s\u00e4\u00e4olosuhteiden armoilla.<\/p>\t\t\t\t\t\t<\/div>\n\t\t\t\t<\/div>\n\t\t\t\t\t<\/div>\n\t\t<\/div>\n\t\t\t\t<div class=\"elementor-column elementor-col-50 elementor-top-column elementor-element elementor-element-b6c0dec\" data-id=\"b6c0dec\" data-element_type=\"column\">\n\t\t\t<div class=\"elementor-widget-wrap elementor-element-populated\">\n\t\t\t\t\t\t\t\t<div class=\"elementor-element elementor-element-14456a4 elementor-widget elementor-widget-image\" data-id=\"14456a4\" data-element_type=\"widget\" data-widget_type=\"image.default\">\n\t\t\t\t<div class=\"elementor-widget-container\">\n\t\t\t\t\t\t\t\t\t\t\t\t\t\t\t<img loading=\"lazy\" decoding=\"async\" width=\"843\" height=\"632\" src=\"https:\/\/vikenpelti.ngmprojektit.fi\/wp-content\/uploads\/2021\/03\/Polyureakatto.jpg\" class=\"attachment-large size-large\" alt=\"\" srcset=\"https:\/\/vikenpelti.ngmprojektit.fi\/wp-content\/uploads\/2021\/03\/Polyureakatto.jpg 1500w, https:\/\/vikenpelti.ngmprojektit.fi\/wp-content\/uploads\/2021\/03\/Polyureakatto-300x225.jpg 300w, https:\/\/vikenpelti.ngmprojektit.fi\/wp-content\/uploads\/2021\/03\/Polyureakatto-768x576.jpg 768w\" sizes=\"auto, (max-width: 843px) 100vw, 843px\" \/>\t\t\t\t\t\t\t\t\t\t\t\t\t\t\t<\/div>\n\t\t\t\t<\/div>\n\t\t\t\t\t<\/div>\n\t\t<\/div>\n\t\t\t\t\t\t\t<\/div>\n\t\t<\/section>\n\t\t\t\t\t\t<\/div>\n\t\t\t\t\t<\/div>\n\t\t","protected":false},"excerpt":{"rendered":"<p>Kest\u00e4v\u00e4 katto ilman kattoremonttia kattopinnoitteella En\u00e4\u00e4 ei tarvitse pist\u00e4\u00e4 koko kattoa vaihtoon. Polyureapinnoite on kattopinnoitteena kest\u00e4v\u00e4, nopea ja kustannustehokas vaihtoehto perinteiselle kattoremontille. Pinnoittamalla saadaan t\u00e4ysin&hellip;<\/p>\n","protected":false},"author":2,"featured_media":0,"parent":0,"menu_order":0,"comment_status":"closed","ping_status":"closed","template":"","meta":{"footnotes":""},"class_list":["post-133","page","type-page","status-publish","hentry"],"yoast_head":"<!-- This site is optimized with the Yoast SEO plugin v16.1.1 - https:\/\/yoast.com\/wordpress\/plugins\/seo\/ -->\n<title>Kattopinnoitteet - Viken Pelti Oy<\/title>\n<link rel=\"canonical\" href=\"https:\/\/vikenpelti.ngmprojektit.fi\/index.php\/kattopinnoitteet\/\" \/>\n<meta property=\"og:locale\" content=\"fi_FI\" \/>\n<meta property=\"og:type\" content=\"article\" \/>\n<meta property=\"og:title\" content=\"Kattopinnoitteet - Viken Pelti Oy\" \/>\n<meta property=\"og:description\" content=\"Kest\u00e4v\u00e4 katto ilman kattoremonttia kattopinnoitteella En\u00e4\u00e4 ei tarvitse pist\u00e4\u00e4 koko kattoa vaihtoon. Polyureapinnoite on kattopinnoitteena kest\u00e4v\u00e4, nopea ja kustannustehokas vaihtoehto perinteiselle kattoremontille. Pinnoittamalla saadaan t\u00e4ysin&hellip;\" \/>\n<meta property=\"og:url\" content=\"https:\/\/vikenpelti.ngmprojektit.fi\/index.php\/kattopinnoitteet\/\" \/>\n<meta property=\"og:site_name\" content=\"Viken Pelti Oy\" \/>\n<meta property=\"article:modified_time\" content=\"2021-03-29T11:40:54+00:00\" \/>\n<meta property=\"og:image\" content=\"http:\/\/siirto.vikenpelti.fi\/wp-content\/uploads\/2021\/03\/Polyureakatto.jpg\" \/>\n<meta name=\"twitter:card\" content=\"summary_large_image\" \/>\n<meta name=\"twitter:label1\" content=\"Arvioitu lukuaika\">\n\t<meta name=\"twitter:data1\" content=\"1 minuutti\">\n<script type=\"application\/ld+json\" class=\"yoast-schema-graph\">{\"@context\":\"https:\/\/schema.org\",\"@graph\":[{\"@type\":\"WebSite\",\"@id\":\"https:\/\/vikenpelti.ngmprojektit.fi\/#website\",\"url\":\"https:\/\/vikenpelti.ngmprojektit.fi\/\",\"name\":\"Viken Pelti Oy\",\"description\":\"\",\"potentialAction\":[{\"@type\":\"SearchAction\",\"target\":\"https:\/\/vikenpelti.ngmprojektit.fi\/?s={search_term_string}\",\"query-input\":\"required name=search_term_string\"}],\"inLanguage\":\"fi\"},{\"@type\":\"ImageObject\",\"@id\":\"https:\/\/vikenpelti.ngmprojektit.fi\/index.php\/kattopinnoitteet\/#primaryimage\",\"inLanguage\":\"fi\",\"url\":\"http:\/\/siirto.vikenpelti.fi\/wp-content\/uploads\/2021\/03\/Polyureakatto.jpg\",\"contentUrl\":\"http:\/\/siirto.vikenpelti.fi\/wp-content\/uploads\/2021\/03\/Polyureakatto.jpg\"},{\"@type\":\"WebPage\",\"@id\":\"https:\/\/vikenpelti.ngmprojektit.fi\/index.php\/kattopinnoitteet\/#webpage\",\"url\":\"https:\/\/vikenpelti.ngmprojektit.fi\/index.php\/kattopinnoitteet\/\",\"name\":\"Kattopinnoitteet - Viken Pelti Oy\",\"isPartOf\":{\"@id\":\"https:\/\/vikenpelti.ngmprojektit.fi\/#website\"},\"primaryImageOfPage\":{\"@id\":\"https:\/\/vikenpelti.ngmprojektit.fi\/index.php\/kattopinnoitteet\/#primaryimage\"},\"datePublished\":\"2021-03-29T09:47:18+00:00\",\"dateModified\":\"2021-03-29T11:40:54+00:00\",\"breadcrumb\":{\"@id\":\"https:\/\/vikenpelti.ngmprojektit.fi\/index.php\/kattopinnoitteet\/#breadcrumb\"},\"inLanguage\":\"fi\",\"potentialAction\":[{\"@type\":\"ReadAction\",\"target\":[\"https:\/\/vikenpelti.ngmprojektit.fi\/index.php\/kattopinnoitteet\/\"]}]},{\"@type\":\"BreadcrumbList\",\"@id\":\"https:\/\/vikenpelti.ngmprojektit.fi\/index.php\/kattopinnoitteet\/#breadcrumb\",\"itemListElement\":[{\"@type\":\"ListItem\",\"position\":1,\"item\":{\"@type\":\"WebPage\",\"@id\":\"https:\/\/vikenpelti.ngmprojektit.fi\/\",\"url\":\"https:\/\/vikenpelti.ngmprojektit.fi\/\",\"name\":\"Etusivu\"}},{\"@type\":\"ListItem\",\"position\":2,\"item\":{\"@type\":\"WebPage\",\"@id\":\"https:\/\/vikenpelti.ngmprojektit.fi\/index.php\/kattopinnoitteet\/\",\"url\":\"https:\/\/vikenpelti.ngmprojektit.fi\/index.php\/kattopinnoitteet\/\",\"name\":\"Kattopinnoitteet\"}}]}]}<\/script>\n<!-- \/ Yoast SEO plugin. -->","_links":{"self":[{"href":"https:\/\/vikenpelti.ngmprojektit.fi\/index.php\/wp-json\/wp\/v2\/pages\/133","targetHints":{"allow":["GET"]}}],"collection":[{"href":"https:\/\/vikenpelti.ngmprojektit.fi\/index.php\/wp-json\/wp\/v2\/pages"}],"about":[{"href":"https:\/\/vikenpelti.ngmprojektit.fi\/index.php\/wp-json\/wp\/v2\/types\/page"}],"author":[{"embeddable":true,"href":"https:\/\/vikenpelti.ngmprojektit.fi\/index.php\/wp-json\/wp\/v2\/users\/2"}],"replies":[{"embeddable":true,"href":"https:\/\/vikenpelti.ngmprojektit.fi\/index.php\/wp-json\/wp\/v2\/comments?post=133"}],"version-history":[{"count":26,"href":"https:\/\/vikenpelti.ngmprojektit.fi\/index.php\/wp-json\/wp\/v2\/pages\/133\/revisions"}],"predecessor-version":[{"id":1508,"href":"https:\/\/vikenpelti.ngmprojektit.fi\/index.php\/wp-json\/wp\/v2\/pages\/133\/revisions\/1508"}],"wp:attachment":[{"href":"https:\/\/vikenpelti.ngmprojektit.fi\/index.php\/wp-json\/wp\/v2\/media?parent=133"}],"curies":[{"name":"wp","href":"https:\/\/api.w.org\/{rel}","templated":true}]}}