{"id":138,"date":"2021-03-29T14:35:55","date_gmt":"2021-03-29T11:35:55","guid":{"rendered":"http:\/\/siirto.vikenpelti.fi\/?page_id=138"},"modified":"2021-03-29T14:42:08","modified_gmt":"2021-03-29T11:42:08","slug":"lattiapinnoitteet","status":"publish","type":"page","link":"https:\/\/vikenpelti.ngmprojektit.fi\/index.php\/lattiapinnoitteet\/","title":{"rendered":"Lattiapinnoitteet"},"content":{"rendered":"\t\t<div data-elementor-type=\"wp-page\" data-elementor-id=\"138\" class=\"elementor elementor-138\" data-elementor-settings=\"[]\">\n\t\t\t\t\t\t\t<div class=\"elementor-section-wrap\">\n\t\t\t\t\t\t\t<section class=\"elementor-section elementor-top-section elementor-element elementor-element-0c70d5f elementor-section-boxed elementor-section-height-default elementor-section-height-default\" data-id=\"0c70d5f\" data-element_type=\"section\">\n\t\t\t\t\t\t<div class=\"elementor-container elementor-column-gap-default\">\n\t\t\t\t\t<div class=\"elementor-column elementor-col-100 elementor-top-column elementor-element elementor-element-91b3039\" data-id=\"91b3039\" data-element_type=\"column\">\n\t\t\t<div class=\"elementor-widget-wrap elementor-element-populated\">\n\t\t\t\t\t\t\t\t<div class=\"elementor-element elementor-element-db79188 elementor-widget elementor-widget-heading\" data-id=\"db79188\" data-element_type=\"widget\" data-widget_type=\"heading.default\">\n\t\t\t\t<div class=\"elementor-widget-container\">\n\t\t\t<h2 class=\"elementor-heading-title elementor-size-default\">TEHOKAS L\u00c4PIMENO JA NOPEA KUIVUMINEN\n<\/h2>\t\t<\/div>\n\t\t\t\t<\/div>\n\t\t\t\t\t<\/div>\n\t\t<\/div>\n\t\t\t\t\t\t\t<\/div>\n\t\t<\/section>\n\t\t\t\t<section class=\"elementor-section elementor-top-section elementor-element elementor-element-0291ffc elementor-section-boxed elementor-section-height-default elementor-section-height-default\" data-id=\"0291ffc\" data-element_type=\"section\">\n\t\t\t\t\t\t<div class=\"elementor-container elementor-column-gap-default\">\n\t\t\t\t\t<div class=\"elementor-column elementor-col-50 elementor-top-column elementor-element elementor-element-d0957fd\" data-id=\"d0957fd\" data-element_type=\"column\">\n\t\t\t<div class=\"elementor-widget-wrap elementor-element-populated\">\n\t\t\t\t\t\t\t\t<div class=\"elementor-element elementor-element-a590dc5 elementor-widget elementor-widget-image\" data-id=\"a590dc5\" data-element_type=\"widget\" data-widget_type=\"image.default\">\n\t\t\t\t<div class=\"elementor-widget-container\">\n\t\t\t\t\t\t\t\t\t\t\t\t\t\t\t<img loading=\"lazy\" decoding=\"async\" width=\"450\" height=\"600\" src=\"https:\/\/vikenpelti.ngmprojektit.fi\/wp-content\/uploads\/2021\/03\/Kuva3.jpg\" class=\"attachment-large size-large\" alt=\"\" srcset=\"https:\/\/vikenpelti.ngmprojektit.fi\/wp-content\/uploads\/2021\/03\/Kuva3.jpg 450w, https:\/\/vikenpelti.ngmprojektit.fi\/wp-content\/uploads\/2021\/03\/Kuva3-225x300.jpg 225w\" sizes=\"auto, (max-width: 450px) 100vw, 450px\" \/>\t\t\t\t\t\t\t\t\t\t\t\t\t\t\t<\/div>\n\t\t\t\t<\/div>\n\t\t\t\t\t<\/div>\n\t\t<\/div>\n\t\t\t\t<div class=\"elementor-column elementor-col-50 elementor-top-column elementor-element elementor-element-58323f1\" data-id=\"58323f1\" data-element_type=\"column\">\n\t\t\t<div class=\"elementor-widget-wrap elementor-element-populated\">\n\t\t\t\t\t\t\t\t<div class=\"elementor-element elementor-element-566c655 elementor-widget elementor-widget-text-editor\" data-id=\"566c655\" data-element_type=\"widget\" data-widget_type=\"text-editor.default\">\n\t\t\t\t<div class=\"elementor-widget-container\">\n\t\t\t\t\t\t\t\t<p>Unohda pitk\u00e4t kuivumisajat ja t\u00f6iden seisominen. Polyureapinnoitetta voidaan ruiskuttaa jopa 1000 m2 p\u00e4iv\u00e4ss\u00e4, joten suuremmissakin kohteissa aikaa ty\u00f6h\u00f6n kuluu vain muutamia p\u00e4ivi\u00e4. Pinnoite kuivuu kosketuskuivaksi jopa 12 sekunnissa, ja t\u00e4ysin valmis se on vuorokaudessa. N\u00e4in te p\u00e4\u00e4sette jatkamaan t\u00f6it\u00e4nne mahdollisimman nopeasti.<\/p><p><strong>POLYUREA PINNOITTEENA KEST\u00c4\u00c4\u00a0\u00c4\u00c4RIMM\u00c4IST\u00c4\u00a0KULUTUSTA<\/strong><\/p><p><b><br \/><\/b>Pinnoite on suunniteltu k\u00e4ytett\u00e4v\u00e4ksi my\u00f6s tiloissa, joissa k\u00e4ytet\u00e4\u00e4n raskaita kulkuneuvoja ja hangataan lattiaa. Kest\u00e4vyyden lis\u00e4ksi pinta on t\u00e4ysin saumaton, mik\u00e4 takaa vedenpit\u00e4vyyden vaativiinkin kohteisiin. Luja ja joustava polyureapinnoite voidaan ruiskuttaa l\u00e4hes kaiken materiaalin, kuten betonin, eristeen ja suodatinkankaan, p\u00e4\u00e4lle.<\/p><p><strong>YMP\u00c4RIST\u00d6YST\u00c4V\u00c4LLINEN\u00a0VAIHTOEHTO<\/strong><\/p><p>K\u00e4yt\u00e4mme Teknoksen kehitt\u00e4m\u00e4\u00e4\u00a0<a href=\"https:\/\/www.teknos.com\/fi-FI\/website\/denmark\/denmark-industrial\/denmark-gi\/teknopur-300-800\/\">TEKNOPUR 300-800<\/a>\u00a0-pinnoitetta, joka on ymp\u00e4rist\u00f6yst\u00e4v\u00e4llinen ja kotimainen vaihtoehto. Valmis pinnoitettu lattia on my\u00f6s helppo pit\u00e4\u00e4 puhtaana ja se vaimentaa melua. Siksi se soveltuu erinomaisesti kaikkiin tiloihin ja tarpeisiin, my\u00f6s esimerkiksi elintarviketeollisuuteen ja el\u00e4insuojiin.<\/p>\t\t\t\t\t\t<\/div>\n\t\t\t\t<\/div>\n\t\t\t\t\t<\/div>\n\t\t<\/div>\n\t\t\t\t\t\t\t<\/div>\n\t\t<\/section>\n\t\t\t\t\t\t<\/div>\n\t\t\t\t\t<\/div>\n\t\t","protected":false},"excerpt":{"rendered":"<p>TEHOKAS L\u00c4PIMENO JA NOPEA KUIVUMINEN Unohda pitk\u00e4t kuivumisajat ja t\u00f6iden seisominen. Polyureapinnoitetta voidaan ruiskuttaa jopa 1000 m2 p\u00e4iv\u00e4ss\u00e4, joten suuremmissakin kohteissa aikaa ty\u00f6h\u00f6n kuluu vain&hellip;<\/p>\n","protected":false},"author":2,"featured_media":0,"parent":0,"menu_order":0,"comment_status":"closed","ping_status":"closed","template":"","meta":{"footnotes":""},"class_list":["post-138","page","type-page","status-publish","hentry"],"yoast_head":"<!-- This site is optimized with the Yoast SEO plugin v16.1.1 - https:\/\/yoast.com\/wordpress\/plugins\/seo\/ -->\n<title>Lattiapinnoitteet - Viken Pelti Oy<\/title>\n<link rel=\"canonical\" href=\"https:\/\/vikenpelti.ngmprojektit.fi\/index.php\/lattiapinnoitteet\/\" \/>\n<meta property=\"og:locale\" content=\"fi_FI\" \/>\n<meta property=\"og:type\" content=\"article\" \/>\n<meta property=\"og:title\" content=\"Lattiapinnoitteet - Viken Pelti Oy\" \/>\n<meta property=\"og:description\" content=\"TEHOKAS L\u00c4PIMENO JA NOPEA KUIVUMINEN Unohda pitk\u00e4t kuivumisajat ja t\u00f6iden seisominen. Polyureapinnoitetta voidaan ruiskuttaa jopa 1000 m2 p\u00e4iv\u00e4ss\u00e4, joten suuremmissakin kohteissa aikaa ty\u00f6h\u00f6n kuluu vain&hellip;\" \/>\n<meta property=\"og:url\" content=\"https:\/\/vikenpelti.ngmprojektit.fi\/index.php\/lattiapinnoitteet\/\" \/>\n<meta property=\"og:site_name\" content=\"Viken Pelti Oy\" \/>\n<meta property=\"article:modified_time\" content=\"2021-03-29T11:42:08+00:00\" \/>\n<meta property=\"og:image\" content=\"https:\/\/siirto.vikenpelti.fi\/wp-content\/uploads\/2021\/03\/Kuva3.jpg\" \/>\n<meta name=\"twitter:card\" content=\"summary_large_image\" \/>\n<meta name=\"twitter:label1\" content=\"Arvioitu lukuaika\">\n\t<meta name=\"twitter:data1\" content=\"1 minuutti\">\n<script type=\"application\/ld+json\" class=\"yoast-schema-graph\">{\"@context\":\"https:\/\/schema.org\",\"@graph\":[{\"@type\":\"WebSite\",\"@id\":\"https:\/\/vikenpelti.ngmprojektit.fi\/#website\",\"url\":\"https:\/\/vikenpelti.ngmprojektit.fi\/\",\"name\":\"Viken Pelti Oy\",\"description\":\"\",\"potentialAction\":[{\"@type\":\"SearchAction\",\"target\":\"https:\/\/vikenpelti.ngmprojektit.fi\/?s={search_term_string}\",\"query-input\":\"required name=search_term_string\"}],\"inLanguage\":\"fi\"},{\"@type\":\"ImageObject\",\"@id\":\"https:\/\/vikenpelti.ngmprojektit.fi\/index.php\/lattiapinnoitteet\/#primaryimage\",\"inLanguage\":\"fi\",\"url\":\"https:\/\/siirto.vikenpelti.fi\/wp-content\/uploads\/2021\/03\/Kuva3.jpg\",\"contentUrl\":\"https:\/\/siirto.vikenpelti.fi\/wp-content\/uploads\/2021\/03\/Kuva3.jpg\"},{\"@type\":\"WebPage\",\"@id\":\"https:\/\/vikenpelti.ngmprojektit.fi\/index.php\/lattiapinnoitteet\/#webpage\",\"url\":\"https:\/\/vikenpelti.ngmprojektit.fi\/index.php\/lattiapinnoitteet\/\",\"name\":\"Lattiapinnoitteet - Viken Pelti Oy\",\"isPartOf\":{\"@id\":\"https:\/\/vikenpelti.ngmprojektit.fi\/#website\"},\"primaryImageOfPage\":{\"@id\":\"https:\/\/vikenpelti.ngmprojektit.fi\/index.php\/lattiapinnoitteet\/#primaryimage\"},\"datePublished\":\"2021-03-29T11:35:55+00:00\",\"dateModified\":\"2021-03-29T11:42:08+00:00\",\"breadcrumb\":{\"@id\":\"https:\/\/vikenpelti.ngmprojektit.fi\/index.php\/lattiapinnoitteet\/#breadcrumb\"},\"inLanguage\":\"fi\",\"potentialAction\":[{\"@type\":\"ReadAction\",\"target\":[\"https:\/\/vikenpelti.ngmprojektit.fi\/index.php\/lattiapinnoitteet\/\"]}]},{\"@type\":\"BreadcrumbList\",\"@id\":\"https:\/\/vikenpelti.ngmprojektit.fi\/index.php\/lattiapinnoitteet\/#breadcrumb\",\"itemListElement\":[{\"@type\":\"ListItem\",\"position\":1,\"item\":{\"@type\":\"WebPage\",\"@id\":\"https:\/\/vikenpelti.ngmprojektit.fi\/\",\"url\":\"https:\/\/vikenpelti.ngmprojektit.fi\/\",\"name\":\"Etusivu\"}},{\"@type\":\"ListItem\",\"position\":2,\"item\":{\"@type\":\"WebPage\",\"@id\":\"https:\/\/vikenpelti.ngmprojektit.fi\/index.php\/lattiapinnoitteet\/\",\"url\":\"https:\/\/vikenpelti.ngmprojektit.fi\/index.php\/lattiapinnoitteet\/\",\"name\":\"Lattiapinnoitteet\"}}]}]}<\/script>\n<!-- \/ Yoast SEO plugin. -->","_links":{"self":[{"href":"https:\/\/vikenpelti.ngmprojektit.fi\/index.php\/wp-json\/wp\/v2\/pages\/138","targetHints":{"allow":["GET"]}}],"collection":[{"href":"https:\/\/vikenpelti.ngmprojektit.fi\/index.php\/wp-json\/wp\/v2\/pages"}],"about":[{"href":"https:\/\/vikenpelti.ngmprojektit.fi\/index.php\/wp-json\/wp\/v2\/types\/page"}],"author":[{"embeddable":true,"href":"https:\/\/vikenpelti.ngmprojektit.fi\/index.php\/wp-json\/wp\/v2\/users\/2"}],"replies":[{"embeddable":true,"href":"https:\/\/vikenpelti.ngmprojektit.fi\/index.php\/wp-json\/wp\/v2\/comments?post=138"}],"version-history":[{"count":29,"href":"https:\/\/vikenpelti.ngmprojektit.fi\/index.php\/wp-json\/wp\/v2\/pages\/138\/revisions"}],"predecessor-version":[{"id":1095,"href":"https:\/\/vikenpelti.ngmprojektit.fi\/index.php\/wp-json\/wp\/v2\/pages\/138\/revisions\/1095"}],"wp:attachment":[{"href":"https:\/\/vikenpelti.ngmprojektit.fi\/index.php\/wp-json\/wp\/v2\/media?parent=138"}],"curies":[{"name":"wp","href":"https:\/\/api.w.org\/{rel}","templated":true}]}}