{"id":143,"date":"2021-03-29T14:26:11","date_gmt":"2021-03-29T11:26:11","guid":{"rendered":"http:\/\/siirto.vikenpelti.fi\/?page_id=143"},"modified":"2021-03-29T14:31:05","modified_gmt":"2021-03-29T11:31:05","slug":"muut-pinnoitteet","status":"publish","type":"page","link":"https:\/\/vikenpelti.ngmprojektit.fi\/index.php\/muut-pinnoitteet\/","title":{"rendered":"Muut pinnoitteet"},"content":{"rendered":"\t\t<div data-elementor-type=\"wp-page\" data-elementor-id=\"143\" class=\"elementor elementor-143\" data-elementor-settings=\"[]\">\n\t\t\t\t\t\t\t<div class=\"elementor-section-wrap\">\n\t\t\t\t\t\t\t<section class=\"elementor-section elementor-top-section elementor-element elementor-element-c2d6c49 elementor-section-boxed elementor-section-height-default elementor-section-height-default\" data-id=\"c2d6c49\" data-element_type=\"section\">\n\t\t\t\t\t\t<div class=\"elementor-container elementor-column-gap-default\">\n\t\t\t\t\t<div class=\"elementor-column elementor-col-100 elementor-top-column elementor-element elementor-element-ac57813\" data-id=\"ac57813\" data-element_type=\"column\">\n\t\t\t<div class=\"elementor-widget-wrap elementor-element-populated\">\n\t\t\t\t\t\t\t\t<div class=\"elementor-element elementor-element-be5dffa elementor-widget elementor-widget-heading\" data-id=\"be5dffa\" data-element_type=\"widget\" data-widget_type=\"heading.default\">\n\t\t\t\t<div class=\"elementor-widget-container\">\n\t\t\t<h2 class=\"elementor-heading-title elementor-size-default\">Polyureapinnoite pit\u00e4\u00e4 veden ja kemikaalit ulkopuolella<\/h2>\t\t<\/div>\n\t\t\t\t<\/div>\n\t\t\t\t\t<\/div>\n\t\t<\/div>\n\t\t\t\t\t\t\t<\/div>\n\t\t<\/section>\n\t\t\t\t<section class=\"elementor-section elementor-top-section elementor-element elementor-element-099f013 elementor-section-boxed elementor-section-height-default elementor-section-height-default\" data-id=\"099f013\" data-element_type=\"section\">\n\t\t\t\t\t\t<div class=\"elementor-container elementor-column-gap-default\">\n\t\t\t\t\t<div class=\"elementor-column elementor-col-50 elementor-top-column elementor-element elementor-element-81b9d93\" data-id=\"81b9d93\" data-element_type=\"column\">\n\t\t\t<div class=\"elementor-widget-wrap elementor-element-populated\">\n\t\t\t\t\t\t\t\t<div class=\"elementor-element elementor-element-10108ff elementor-widget elementor-widget-image\" data-id=\"10108ff\" data-element_type=\"widget\" data-widget_type=\"image.default\">\n\t\t\t\t<div class=\"elementor-widget-container\">\n\t\t\t\t\t\t\t\t\t\t\t\t\t\t\t<img loading=\"lazy\" decoding=\"async\" width=\"768\" height=\"576\" src=\"https:\/\/vikenpelti.ngmprojektit.fi\/wp-content\/uploads\/2021\/03\/Allas-1-768x576.jpg\" class=\"attachment-medium_large size-medium_large\" alt=\"\" srcset=\"https:\/\/vikenpelti.ngmprojektit.fi\/wp-content\/uploads\/2021\/03\/Allas-1-768x576.jpg 768w, https:\/\/vikenpelti.ngmprojektit.fi\/wp-content\/uploads\/2021\/03\/Allas-1-300x225.jpg 300w, https:\/\/vikenpelti.ngmprojektit.fi\/wp-content\/uploads\/2021\/03\/Allas-1.jpg 1500w\" sizes=\"auto, (max-width: 768px) 100vw, 768px\" \/>\t\t\t\t\t\t\t\t\t\t\t\t\t\t\t<\/div>\n\t\t\t\t<\/div>\n\t\t\t\t<div class=\"elementor-element elementor-element-28b6491 elementor-widget elementor-widget-image\" data-id=\"28b6491\" data-element_type=\"widget\" data-widget_type=\"image.default\">\n\t\t\t\t<div class=\"elementor-widget-container\">\n\t\t\t\t\t\t\t\t\t\t\t\t\t\t\t<img loading=\"lazy\" decoding=\"async\" width=\"843\" height=\"778\" src=\"https:\/\/vikenpelti.ngmprojektit.fi\/wp-content\/uploads\/2021\/03\/vene-2.jpg\" class=\"attachment-large size-large\" alt=\"\" srcset=\"https:\/\/vikenpelti.ngmprojektit.fi\/wp-content\/uploads\/2021\/03\/vene-2.jpg 1125w, https:\/\/vikenpelti.ngmprojektit.fi\/wp-content\/uploads\/2021\/03\/vene-2-300x277.jpg 300w, https:\/\/vikenpelti.ngmprojektit.fi\/wp-content\/uploads\/2021\/03\/vene-2-768x709.jpg 768w\" sizes=\"auto, (max-width: 843px) 100vw, 843px\" \/>\t\t\t\t\t\t\t\t\t\t\t\t\t\t\t<\/div>\n\t\t\t\t<\/div>\n\t\t\t\t\t<\/div>\n\t\t<\/div>\n\t\t\t\t<div class=\"elementor-column elementor-col-50 elementor-top-column elementor-element elementor-element-6c0bd9c\" data-id=\"6c0bd9c\" data-element_type=\"column\">\n\t\t\t<div class=\"elementor-widget-wrap elementor-element-populated\">\n\t\t\t\t\t\t\t\t<div class=\"elementor-element elementor-element-d1924b5 elementor-widget elementor-widget-text-editor\" data-id=\"d1924b5\" data-element_type=\"widget\" data-widget_type=\"text-editor.default\">\n\t\t\t\t<div class=\"elementor-widget-container\">\n\t\t\t\t\t\t\t\t<p>Polyureapinnoite toimii niin pintana kuin eristeen\u00e4kin, joten se sopii loistavasti s\u00e4ili\u00f6iden ja altaiden kaltaisiin, vedeneristyst\u00e4 vaativiin kohteisiin. T\u00e4ysin saumaton, kova ja kulutusta kest\u00e4v\u00e4 pinnoite varmistaa, ett\u00e4 vuotoja ei synny eiv\u00e4tk\u00e4 vesi ja muut nesteet n\u00e4in ollen p\u00e4\u00e4se rakenteisiin tekem\u00e4\u00e4n tuhoa.\u00a0Sill\u00e4 on my\u00f6s erinomainen kemikaalien kesto.<\/p><p><strong>USEILLE\u00a0ERILAISILLE\u00a0PINNOILLE<\/strong><br \/>Pinnoitteen voi laittaa suoraan esimerkiksi harkon, betonin tai suodatinkankaan p\u00e4\u00e4lle. Se toimii hyvin my\u00f6s ajoneuvojen, kuten ralliauton ja veneen, pohjassa. Se suojelee osumilta ja kulumilta, ja s\u00e4ilyy tiiviin\u00e4 pintana pitk\u00e4\u00e4n. Vain mielikuvitus on rajana, kunhan pohjustus tehd\u00e4\u00e4n asiantuntevasti ja huolellisesti.<\/p><p><strong>ISKUNKESTOA\u00a0JA\u00a0KEST\u00c4VYYTT\u00c4<\/strong><br \/>Luja, joustava ja kest\u00e4v\u00e4 polyureapinnoite on sopiva vaihtoehto my\u00f6s paikkoihin, joita rasitetaan ja kulutetaan jatkuvasti. Raskaan kaluston lavat, kontit ja lattiat pysyv\u00e4t kunnossa, joten tavaran noutaminen kyydist\u00e4 sujuu miellytt\u00e4v\u00e4n mukavasti. My\u00f6s kauhat, puomit ja muut ty\u00f6konelaitteet hy\u00f6tyv\u00e4t polyureapinnoitteesta.<\/p><p>Onko sinulla jokin uusi tai vanha kohde mink\u00e4 haluaisit vahvistaa polyurealla? Toimita pienet asiat meille pinnoitettavaksi tai kutsu meid\u00e4t paikan p\u00e4\u00e4lle ruiskuttamaan.<\/p>\t\t\t\t\t\t<\/div>\n\t\t\t\t<\/div>\n\t\t\t\t\t<\/div>\n\t\t<\/div>\n\t\t\t\t\t\t\t<\/div>\n\t\t<\/section>\n\t\t\t\t<section class=\"elementor-section elementor-top-section elementor-element elementor-element-d200510 elementor-section-boxed elementor-section-height-default elementor-section-height-default\" data-id=\"d200510\" data-element_type=\"section\">\n\t\t\t\t\t\t<div class=\"elementor-container elementor-column-gap-default\">\n\t\t\t\t\t<div class=\"elementor-column elementor-col-100 elementor-top-column elementor-element elementor-element-96a69e9\" data-id=\"96a69e9\" data-element_type=\"column\">\n\t\t\t<div class=\"elementor-widget-wrap\">\n\t\t\t\t\t\t\t\t\t<\/div>\n\t\t<\/div>\n\t\t\t\t\t\t\t<\/div>\n\t\t<\/section>\n\t\t\t\t\t\t<\/div>\n\t\t\t\t\t<\/div>\n\t\t","protected":false},"excerpt":{"rendered":"<p>Polyureapinnoite pit\u00e4\u00e4 veden ja kemikaalit ulkopuolella Polyureapinnoite toimii niin pintana kuin eristeen\u00e4kin, joten se sopii loistavasti s\u00e4ili\u00f6iden ja altaiden kaltaisiin, vedeneristyst\u00e4 vaativiin kohteisiin. T\u00e4ysin saumaton,&hellip;<\/p>\n","protected":false},"author":2,"featured_media":0,"parent":0,"menu_order":0,"comment_status":"closed","ping_status":"closed","template":"","meta":{"footnotes":""},"class_list":["post-143","page","type-page","status-publish","hentry"],"yoast_head":"<!-- This site is optimized with the Yoast SEO plugin v16.1.1 - https:\/\/yoast.com\/wordpress\/plugins\/seo\/ -->\n<title>Muut pinnoitteet - Viken Pelti Oy<\/title>\n<link rel=\"canonical\" href=\"https:\/\/vikenpelti.ngmprojektit.fi\/index.php\/muut-pinnoitteet\/\" \/>\n<meta property=\"og:locale\" content=\"fi_FI\" \/>\n<meta property=\"og:type\" content=\"article\" \/>\n<meta property=\"og:title\" content=\"Muut pinnoitteet - Viken Pelti Oy\" \/>\n<meta property=\"og:description\" content=\"Polyureapinnoite pit\u00e4\u00e4 veden ja kemikaalit ulkopuolella Polyureapinnoite toimii niin pintana kuin eristeen\u00e4kin, joten se sopii loistavasti s\u00e4ili\u00f6iden ja altaiden kaltaisiin, vedeneristyst\u00e4 vaativiin kohteisiin. T\u00e4ysin saumaton,&hellip;\" \/>\n<meta property=\"og:url\" content=\"https:\/\/vikenpelti.ngmprojektit.fi\/index.php\/muut-pinnoitteet\/\" \/>\n<meta property=\"og:site_name\" content=\"Viken Pelti Oy\" \/>\n<meta property=\"article:modified_time\" content=\"2021-03-29T11:31:05+00:00\" \/>\n<meta property=\"og:image\" content=\"https:\/\/siirto.vikenpelti.fi\/wp-content\/uploads\/2021\/03\/Allas-1-768x576.jpg\" \/>\n<meta name=\"twitter:card\" content=\"summary_large_image\" \/>\n<meta name=\"twitter:label1\" content=\"Arvioitu lukuaika\">\n\t<meta name=\"twitter:data1\" content=\"1 minuutti\">\n<script type=\"application\/ld+json\" class=\"yoast-schema-graph\">{\"@context\":\"https:\/\/schema.org\",\"@graph\":[{\"@type\":\"WebSite\",\"@id\":\"https:\/\/vikenpelti.ngmprojektit.fi\/#website\",\"url\":\"https:\/\/vikenpelti.ngmprojektit.fi\/\",\"name\":\"Viken Pelti Oy\",\"description\":\"\",\"potentialAction\":[{\"@type\":\"SearchAction\",\"target\":\"https:\/\/vikenpelti.ngmprojektit.fi\/?s={search_term_string}\",\"query-input\":\"required name=search_term_string\"}],\"inLanguage\":\"fi\"},{\"@type\":\"ImageObject\",\"@id\":\"https:\/\/vikenpelti.ngmprojektit.fi\/index.php\/muut-pinnoitteet\/#primaryimage\",\"inLanguage\":\"fi\",\"url\":\"https:\/\/siirto.vikenpelti.fi\/wp-content\/uploads\/2021\/03\/Allas-1-768x576.jpg\",\"contentUrl\":\"https:\/\/siirto.vikenpelti.fi\/wp-content\/uploads\/2021\/03\/Allas-1-768x576.jpg\"},{\"@type\":\"WebPage\",\"@id\":\"https:\/\/vikenpelti.ngmprojektit.fi\/index.php\/muut-pinnoitteet\/#webpage\",\"url\":\"https:\/\/vikenpelti.ngmprojektit.fi\/index.php\/muut-pinnoitteet\/\",\"name\":\"Muut pinnoitteet - Viken Pelti Oy\",\"isPartOf\":{\"@id\":\"https:\/\/vikenpelti.ngmprojektit.fi\/#website\"},\"primaryImageOfPage\":{\"@id\":\"https:\/\/vikenpelti.ngmprojektit.fi\/index.php\/muut-pinnoitteet\/#primaryimage\"},\"datePublished\":\"2021-03-29T11:26:11+00:00\",\"dateModified\":\"2021-03-29T11:31:05+00:00\",\"breadcrumb\":{\"@id\":\"https:\/\/vikenpelti.ngmprojektit.fi\/index.php\/muut-pinnoitteet\/#breadcrumb\"},\"inLanguage\":\"fi\",\"potentialAction\":[{\"@type\":\"ReadAction\",\"target\":[\"https:\/\/vikenpelti.ngmprojektit.fi\/index.php\/muut-pinnoitteet\/\"]}]},{\"@type\":\"BreadcrumbList\",\"@id\":\"https:\/\/vikenpelti.ngmprojektit.fi\/index.php\/muut-pinnoitteet\/#breadcrumb\",\"itemListElement\":[{\"@type\":\"ListItem\",\"position\":1,\"item\":{\"@type\":\"WebPage\",\"@id\":\"https:\/\/vikenpelti.ngmprojektit.fi\/\",\"url\":\"https:\/\/vikenpelti.ngmprojektit.fi\/\",\"name\":\"Etusivu\"}},{\"@type\":\"ListItem\",\"position\":2,\"item\":{\"@type\":\"WebPage\",\"@id\":\"https:\/\/vikenpelti.ngmprojektit.fi\/index.php\/muut-pinnoitteet\/\",\"url\":\"https:\/\/vikenpelti.ngmprojektit.fi\/index.php\/muut-pinnoitteet\/\",\"name\":\"Muut pinnoitteet\"}}]}]}<\/script>\n<!-- \/ Yoast SEO plugin. -->","_links":{"self":[{"href":"https:\/\/vikenpelti.ngmprojektit.fi\/index.php\/wp-json\/wp\/v2\/pages\/143","targetHints":{"allow":["GET"]}}],"collection":[{"href":"https:\/\/vikenpelti.ngmprojektit.fi\/index.php\/wp-json\/wp\/v2\/pages"}],"about":[{"href":"https:\/\/vikenpelti.ngmprojektit.fi\/index.php\/wp-json\/wp\/v2\/types\/page"}],"author":[{"embeddable":true,"href":"https:\/\/vikenpelti.ngmprojektit.fi\/index.php\/wp-json\/wp\/v2\/users\/2"}],"replies":[{"embeddable":true,"href":"https:\/\/vikenpelti.ngmprojektit.fi\/index.php\/wp-json\/wp\/v2\/comments?post=143"}],"version-history":[{"count":37,"href":"https:\/\/vikenpelti.ngmprojektit.fi\/index.php\/wp-json\/wp\/v2\/pages\/143\/revisions"}],"predecessor-version":[{"id":1080,"href":"https:\/\/vikenpelti.ngmprojektit.fi\/index.php\/wp-json\/wp\/v2\/pages\/143\/revisions\/1080"}],"wp:attachment":[{"href":"https:\/\/vikenpelti.ngmprojektit.fi\/index.php\/wp-json\/wp\/v2\/media?parent=143"}],"curies":[{"name":"wp","href":"https:\/\/api.w.org\/{rel}","templated":true}]}}