{"id":6,"date":"2021-03-22T15:27:11","date_gmt":"2021-03-22T13:27:11","guid":{"rendered":"http:\/\/siirto.vikenpelti.fi\/?page_id=6"},"modified":"2024-11-22T01:00:55","modified_gmt":"2024-11-21T23:00:55","slug":"etusivu","status":"publish","type":"page","link":"https:\/\/vikenpelti.ngmprojektit.fi\/","title":{"rendered":"Etusivu"},"content":{"rendered":"\t\t<div data-elementor-type=\"wp-page\" data-elementor-id=\"6\" class=\"elementor elementor-6\" data-elementor-settings=\"[]\">\n\t\t\t\t\t\t\t<div class=\"elementor-section-wrap\">\n\t\t\t\t\t\t\t<section class=\"elementor-section elementor-top-section elementor-element elementor-element-edfe0e4 elementor-section-stretched elementor-section-boxed elementor-section-height-default elementor-section-height-default\" data-id=\"edfe0e4\" data-element_type=\"section\" data-settings=\"{&quot;stretch_section&quot;:&quot;section-stretched&quot;}\">\n\t\t\t\t\t\t<div class=\"elementor-container elementor-column-gap-default\">\n\t\t\t\t\t\t\t\t<\/div>\n\t\t<\/section>\n\t\t\t\t<section class=\"elementor-section elementor-top-section elementor-element elementor-element-3ad8c8fa elementor-section-height-min-height elementor-section-content-middle elementor-section-full_width elementor-section-stretched elementor-section-height-default elementor-section-items-middle\" data-id=\"3ad8c8fa\" data-element_type=\"section\" data-settings=\"{&quot;background_background&quot;:&quot;slideshow&quot;,&quot;background_slideshow_gallery&quot;:[{&quot;id&quot;:261,&quot;url&quot;:&quot;http:\\\/\\\/siirto.vikenpelti.fi\\\/wp-content\\\/uploads\\\/2021\\\/03\\\/Kopio_-Kopio_-Kopio_-Kopio_-Nimeto\\u0308n-8.png&quot;},{&quot;id&quot;:956,&quot;url&quot;:&quot;http:\\\/\\\/siirto.vikenpelti.fi\\\/wp-content\\\/uploads\\\/2021\\\/03\\\/6.png&quot;},{&quot;id&quot;:955,&quot;url&quot;:&quot;http:\\\/\\\/siirto.vikenpelti.fi\\\/wp-content\\\/uploads\\\/2021\\\/03\\\/5.png&quot;},{&quot;id&quot;:957,&quot;url&quot;:&quot;http:\\\/\\\/siirto.vikenpelti.fi\\\/wp-content\\\/uploads\\\/2021\\\/03\\\/7-2.jpg&quot;},{&quot;id&quot;:952,&quot;url&quot;:&quot;http:\\\/\\\/siirto.vikenpelti.fi\\\/wp-content\\\/uploads\\\/2021\\\/03\\\/1.png&quot;},{&quot;id&quot;:953,&quot;url&quot;:&quot;http:\\\/\\\/siirto.vikenpelti.fi\\\/wp-content\\\/uploads\\\/2021\\\/03\\\/2.png&quot;},{&quot;id&quot;:954,&quot;url&quot;:&quot;http:\\\/\\\/siirto.vikenpelti.fi\\\/wp-content\\\/uploads\\\/2021\\\/03\\\/4.png&quot;}],&quot;stretch_section&quot;:&quot;section-stretched&quot;,&quot;background_slideshow_transition_duration&quot;:5000,&quot;background_slideshow_slide_duration&quot;:4000,&quot;background_slideshow_loop&quot;:&quot;yes&quot;,&quot;background_slideshow_slide_transition&quot;:&quot;fade&quot;}\">\n\t\t\t\t\t\t\t<div class=\"elementor-background-overlay\"><\/div>\n\t\t\t\t\t\t\t<div class=\"elementor-container elementor-column-gap-default\">\n\t\t\t\t\t<div class=\"elementor-column elementor-col-100 elementor-top-column elementor-element elementor-element-65265c03\" data-id=\"65265c03\" data-element_type=\"column\">\n\t\t\t<div class=\"elementor-widget-wrap elementor-element-populated\">\n\t\t\t\t\t\t\t\t<div class=\"elementor-element elementor-element-25d7a190 elementor-widget elementor-widget-image\" data-id=\"25d7a190\" data-element_type=\"widget\" data-widget_type=\"image.default\">\n\t\t\t\t<div class=\"elementor-widget-container\">\n\t\t\t\t\t\t\t\t\t\t\t\t\t\t\t<img decoding=\"async\" src=\"https:\/\/vikenpelti.ngmprojektit.fi\/wp-content\/uploads\/2021\/03\/Vintage-Logo.png\" class=\"attachment-full size-full\" alt=\"\" \/>\t\t\t\t\t\t\t\t\t\t\t\t\t\t\t<\/div>\n\t\t\t\t<\/div>\n\t\t\t\t\t<\/div>\n\t\t<\/div>\n\t\t\t\t\t\t\t<\/div>\n\t\t<\/section>\n\t\t\t\t<section class=\"elementor-section elementor-top-section elementor-element elementor-element-45084294 elementor-section-content-middle elementor-section-full_width elementor-section-stretched elementor-section-height-default elementor-section-height-default\" data-id=\"45084294\" data-element_type=\"section\" data-settings=\"{&quot;stretch_section&quot;:&quot;section-stretched&quot;,&quot;background_background&quot;:&quot;slideshow&quot;,&quot;background_slideshow_gallery&quot;:[],&quot;background_slideshow_loop&quot;:&quot;yes&quot;,&quot;background_slideshow_slide_duration&quot;:5000,&quot;background_slideshow_slide_transition&quot;:&quot;fade&quot;,&quot;background_slideshow_transition_duration&quot;:500}\">\n\t\t\t\t\t\t<div class=\"elementor-container elementor-column-gap-default\">\n\t\t\t\t\t<div class=\"elementor-column elementor-col-100 elementor-top-column elementor-element elementor-element-407102b9\" data-id=\"407102b9\" data-element_type=\"column\">\n\t\t\t<div class=\"elementor-widget-wrap elementor-element-populated\">\n\t\t\t\t\t\t\t\t<div class=\"elementor-element elementor-element-40f354d1 elementor-widget elementor-widget-heading\" data-id=\"40f354d1\" data-element_type=\"widget\" data-widget_type=\"heading.default\">\n\t\t\t\t<div class=\"elementor-widget-container\">\n\t\t\t<h2 class=\"elementor-heading-title elementor-size-medium\">Ei niin pient\u00e4 ettemme l\u00e4htisi<br>ei niin isoa ettemme pystyisi<\/h2>\t\t<\/div>\n\t\t\t\t<\/div>\n\t\t\t\t<div class=\"elementor-element elementor-element-5a701d0d elementor-widget-divider--view-line elementor-widget elementor-widget-divider\" data-id=\"5a701d0d\" data-element_type=\"widget\" data-widget_type=\"divider.default\">\n\t\t\t\t<div class=\"elementor-widget-container\">\n\t\t\t\t\t<div class=\"elementor-divider\">\n\t\t\t<span class=\"elementor-divider-separator\">\n\t\t\t\t\t\t<\/span>\n\t\t<\/div>\n\t\t\t\t<\/div>\n\t\t\t\t<\/div>\n\t\t\t\t<div class=\"elementor-element elementor-element-5b77fad2 elementor-widget elementor-widget-text-editor\" data-id=\"5b77fad2\" data-element_type=\"widget\" data-widget_type=\"text-editor.default\">\n\t\t\t\t<div class=\"elementor-widget-container\">\n\t\t\t\t\t\t\t\t\t\t\t\t\t\t<\/div>\n\t\t\t\t<\/div>\n\t\t\t\t\t<\/div>\n\t\t<\/div>\n\t\t\t\t\t\t\t<\/div>\n\t\t<\/section>\n\t\t\t\t<section class=\"elementor-section elementor-top-section elementor-element elementor-element-1eb3d1ce elementor-section-height-min-height elementor-section-content-middle elementor-section-full_width elementor-section-stretched elementor-hidden-phone elementor-section-height-default elementor-section-items-middle\" data-id=\"1eb3d1ce\" data-element_type=\"section\" data-settings=\"{&quot;background_background&quot;:&quot;classic&quot;,&quot;stretch_section&quot;:&quot;section-stretched&quot;}\">\n\t\t\t\t\t\t\t<div class=\"elementor-background-overlay\"><\/div>\n\t\t\t\t\t\t\t<div class=\"elementor-container elementor-column-gap-default\">\n\t\t\t\t\t<div class=\"elementor-column elementor-col-100 elementor-top-column elementor-element elementor-element-7c794f7\" data-id=\"7c794f7\" data-element_type=\"column\">\n\t\t\t<div class=\"elementor-widget-wrap elementor-element-populated\">\n\t\t\t\t\t\t\t\t<div class=\"elementor-element elementor-element-65c4125 elementor-widget elementor-widget-heading\" data-id=\"65c4125\" data-element_type=\"widget\" data-widget_type=\"heading.default\">\n\t\t\t\t<div class=\"elementor-widget-container\">\n\t\t\t<h1 class=\"elementor-heading-title elementor-size-default\">Kattoremontti & Rakennuspeltipalvelut Jyv\u00e4skyl\u00e4n alueella<\/h1>\t\t<\/div>\n\t\t\t\t<\/div>\n\t\t\t\t<div class=\"elementor-element elementor-element-eb18170 elementor-widget elementor-widget-text-editor\" data-id=\"eb18170\" data-element_type=\"widget\" data-widget_type=\"text-editor.default\">\n\t\t\t\t<div class=\"elementor-widget-container\">\n\t\t\t\t\t\t\t\t<p><span style=\"background-color: rgba(2, 24, 255, 0);\">\u00a0<\/span><\/p><p><span style=\"background-color: rgba(2, 24, 255, 0);\">Kaikki asiakkaat ovat meille t\u00e4rkeit\u00e4 ja asiakkaina onkin isoja rakennusliikkeit\u00e4, taloyhti\u00f6it\u00e4, sek\u00e4 pienimmill\u00e4\u00e4n ty\u00f6t ovat hyvinkin pieni\u00e4 kuluttaja-asiakkaiden murheita.<\/span><\/p><p>Tarjoamme rakennuspeltipalveluita<br \/>\u00a0laidasta laitaan.<\/p><p><span style=\"background-color: rgba(2, 24, 255, 0);\">Myymme kattoturvallisuustuotteita varastosta tarvikkeena\u00a0\u00a0ja valmistamme peltituotteita mittatilausty\u00f6n\u00e4.\u00a0<\/span><\/p>\t\t\t\t\t\t<\/div>\n\t\t\t\t<\/div>\n\t\t\t\t\t<\/div>\n\t\t<\/div>\n\t\t\t\t\t\t\t<\/div>\n\t\t<\/section>\n\t\t\t\t<section class=\"elementor-section elementor-top-section elementor-element elementor-element-7e6c292 elementor-section-height-min-height elementor-section-content-middle elementor-section-full_width elementor-section-stretched elementor-hidden-desktop elementor-hidden-tablet elementor-section-height-default elementor-section-items-middle\" data-id=\"7e6c292\" data-element_type=\"section\" data-settings=\"{&quot;background_background&quot;:&quot;classic&quot;,&quot;stretch_section&quot;:&quot;section-stretched&quot;}\">\n\t\t\t\t\t\t\t<div class=\"elementor-background-overlay\"><\/div>\n\t\t\t\t\t\t\t<div class=\"elementor-container elementor-column-gap-default\">\n\t\t\t\t\t<div class=\"elementor-column elementor-col-100 elementor-top-column elementor-element elementor-element-f4df56a\" data-id=\"f4df56a\" data-element_type=\"column\">\n\t\t\t<div class=\"elementor-widget-wrap elementor-element-populated\">\n\t\t\t\t\t\t\t\t<div class=\"elementor-element elementor-element-7feabb8 elementor-widget elementor-widget-heading\" data-id=\"7feabb8\" data-element_type=\"widget\" data-widget_type=\"heading.default\">\n\t\t\t\t<div class=\"elementor-widget-container\">\n\t\t\t<h1 class=\"elementor-heading-title elementor-size-small\">Kattoremontti &  Rakennuspeltipalvelut Jyv\u00e4skyl\u00e4n alueella<\/h1>\t\t<\/div>\n\t\t\t\t<\/div>\n\t\t\t\t<div class=\"elementor-element elementor-element-3f0b9e6 elementor-widget elementor-widget-text-editor\" data-id=\"3f0b9e6\" data-element_type=\"widget\" data-widget_type=\"text-editor.default\">\n\t\t\t\t<div class=\"elementor-widget-container\">\n\t\t\t\t\t\t\t\t<p><span style=\"background-color: rgba(2, 24, 255, 0);\">\u00a0<\/span><\/p><p><span style=\"background-color: rgba(2, 24, 255, 0);\">Kaikki asiakkaat ovat meille t\u00e4rkeit\u00e4 ja asiakkaina onkin isoja rakennusliikkeit\u00e4, taloyhti\u00f6it\u00e4, sek\u00e4 pienimmill\u00e4\u00e4n ty\u00f6t ovat hyvinkin pieni\u00e4 kuluttaja-asiakkaiden murheita.<\/span><\/p><p>Tarjoamme rakennuspeltipalveluita<br \/>\u00a0laidasta laitaan.<\/p><p><span style=\"background-color: rgba(2, 24, 255, 0);\">Myymme kattoturvallisuustuotteita varastosta tarvikkeena\u00a0\u00a0ja valmistamme peltituotteita mittatilausty\u00f6n\u00e4.\u00a0<\/span><\/p>\t\t\t\t\t\t<\/div>\n\t\t\t\t<\/div>\n\t\t\t\t\t<\/div>\n\t\t<\/div>\n\t\t\t\t\t\t\t<\/div>\n\t\t<\/section>\n\t\t\t\t<section class=\"elementor-section elementor-top-section elementor-element elementor-element-5053059 elementor-section-full_width elementor-section-content-middle elementor-section-height-default elementor-section-height-default\" data-id=\"5053059\" data-element_type=\"section\">\n\t\t\t\t\t\t\t<div class=\"elementor-background-overlay\"><\/div>\n\t\t\t\t\t\t\t<div class=\"elementor-container elementor-column-gap-no\">\n\t\t\t\t\t<div class=\"elementor-column elementor-col-100 elementor-top-column elementor-element elementor-element-dfc4934\" data-id=\"dfc4934\" data-element_type=\"column\">\n\t\t\t<div class=\"elementor-widget-wrap elementor-element-populated\">\n\t\t\t\t\t\t\t\t<div class=\"elementor-element elementor-element-0387a44 elementor-widget elementor-widget-html\" data-id=\"0387a44\" data-element_type=\"widget\" data-widget_type=\"html.default\">\n\t\t\t\t<div class=\"elementor-widget-container\">\n\t\t\t<script defer async src='https:\/\/cdn.trustindex.io\/loader.js?c0848663786230435246e24fd62'><\/script>\t\t<\/div>\n\t\t\t\t<\/div>\n\t\t\t\t\t<\/div>\n\t\t<\/div>\n\t\t\t\t\t\t\t<\/div>\n\t\t<\/section>\n\t\t\t\t<section class=\"elementor-section elementor-top-section elementor-element elementor-element-9e3ccba elementor-section-full_width elementor-section-stretched elementor-section-height-default elementor-section-height-default\" data-id=\"9e3ccba\" data-element_type=\"section\" data-settings=\"{&quot;stretch_section&quot;:&quot;section-stretched&quot;}\">\n\t\t\t\t\t\t<div class=\"elementor-container elementor-column-gap-default\">\n\t\t\t\t\t<div class=\"elementor-column elementor-col-50 elementor-top-column elementor-element elementor-element-61dc77d\" data-id=\"61dc77d\" data-element_type=\"column\">\n\t\t\t<div class=\"elementor-widget-wrap elementor-element-populated\">\n\t\t\t\t\t\t\t\t<div class=\"elementor-element elementor-element-bdcce2b elementor-widget elementor-widget-heading\" data-id=\"bdcce2b\" data-element_type=\"widget\" data-widget_type=\"heading.default\">\n\t\t\t\t<div class=\"elementor-widget-container\">\n\t\t\t<h2 class=\"elementor-heading-title elementor-size-medium\">Kattoremontti jyv\u00e4skyl\u00e4<\/h2>\t\t<\/div>\n\t\t\t\t<\/div>\n\t\t\t\t<div class=\"elementor-element elementor-element-3747d10 elementor-widget elementor-widget-text-editor\" data-id=\"3747d10\" data-element_type=\"widget\" data-widget_type=\"text-editor.default\">\n\t\t\t\t<div class=\"elementor-widget-container\">\n\t\t\t\t\t\t\t\t<div><p>Teemme kattoremontit avaimet k\u00e4teen periaatteella Jyv\u00e4skyl\u00e4ss\u00e4 ja l\u00e4hialueille. Voit itse valita konesaumakatteen, tiilikuviopellin tai urapellin, kaikki k\u00e4y.<\/p><\/div><div><p>Samalla kertaa vesikatolla kaikki kuntoon:<br \/>&#8211; piipun pellitys ja piipun sadehattu<br \/>&#8211; ilmanvaihdon poistoputket ja huippuimurit<br \/>&#8211; lapetuulettimet<br \/>&#8211; lumiesteet<br \/>&#8211; kulkusillat, lapetikkaat ja sein\u00e4tikkaat<br \/>&#8211; r\u00e4yst\u00e4slautojen uusiminen<br \/>&#8211; puhallusvillan lis\u00e4ys yl\u00e4pohjaan<\/p><\/div>\t\t\t\t\t\t<\/div>\n\t\t\t\t<\/div>\n\t\t\t\t\t<\/div>\n\t\t<\/div>\n\t\t\t\t<div class=\"elementor-column elementor-col-50 elementor-top-column elementor-element elementor-element-e589854\" data-id=\"e589854\" data-element_type=\"column\">\n\t\t\t<div class=\"elementor-widget-wrap elementor-element-populated\">\n\t\t\t\t\t\t\t\t<div class=\"elementor-element elementor-element-db79b99 elementor-aspect-ratio-169 elementor-widget elementor-widget-video\" data-id=\"db79b99\" data-element_type=\"widget\" data-settings=\"{&quot;youtube_url&quot;:&quot;https:\\\/\\\/www.youtube.com\\\/watch?v=fFW2cFpVNpk&quot;,&quot;video_type&quot;:&quot;youtube&quot;,&quot;controls&quot;:&quot;yes&quot;,&quot;aspect_ratio&quot;:&quot;169&quot;}\" data-widget_type=\"video.default\">\n\t\t\t\t<div class=\"elementor-widget-container\">\n\t\t\t\t\t<div class=\"elementor-wrapper elementor-fit-aspect-ratio elementor-open-inline\">\n\t\t\t<div class=\"elementor-video\"><\/div>\t\t<\/div>\n\t\t\t\t<\/div>\n\t\t\t\t<\/div>\n\t\t\t\t\t<\/div>\n\t\t<\/div>\n\t\t\t\t\t\t\t<\/div>\n\t\t<\/section>\n\t\t\t\t<section class=\"elementor-section elementor-top-section elementor-element elementor-element-e20397c elementor-section-boxed elementor-section-height-default elementor-section-height-default\" data-id=\"e20397c\" data-element_type=\"section\">\n\t\t\t\t\t\t<div class=\"elementor-container elementor-column-gap-default\">\n\t\t\t\t\t<div class=\"elementor-column elementor-col-100 elementor-top-column elementor-element elementor-element-6130534\" data-id=\"6130534\" data-element_type=\"column\">\n\t\t\t<div class=\"elementor-widget-wrap\">\n\t\t\t\t\t\t\t\t\t<\/div>\n\t\t<\/div>\n\t\t\t\t\t\t\t<\/div>\n\t\t<\/section>\n\t\t\t\t<section class=\"elementor-section elementor-top-section elementor-element elementor-element-90a6ce4 elementor-section-boxed elementor-section-height-default elementor-section-height-default\" data-id=\"90a6ce4\" data-element_type=\"section\">\n\t\t\t\t\t\t<div class=\"elementor-container elementor-column-gap-default\">\n\t\t\t\t\t<div class=\"elementor-column elementor-col-100 elementor-top-column elementor-element elementor-element-252bd9d\" data-id=\"252bd9d\" data-element_type=\"column\">\n\t\t\t<div class=\"elementor-widget-wrap\">\n\t\t\t\t\t\t\t\t\t<\/div>\n\t\t<\/div>\n\t\t\t\t\t\t\t<\/div>\n\t\t<\/section>\n\t\t\t\t<section class=\"elementor-section elementor-top-section elementor-element elementor-element-1070b47 elementor-section-boxed elementor-section-height-default elementor-section-height-default\" data-id=\"1070b47\" data-element_type=\"section\">\n\t\t\t\t\t\t<div class=\"elementor-container elementor-column-gap-default\">\n\t\t\t\t\t<div class=\"elementor-column elementor-col-100 elementor-top-column elementor-element elementor-element-a15caf5\" data-id=\"a15caf5\" data-element_type=\"column\">\n\t\t\t<div class=\"elementor-widget-wrap elementor-element-populated\">\n\t\t\t\t\t\t\t\t<div class=\"elementor-element elementor-element-d07cd8c elementor-widget elementor-widget-image\" data-id=\"d07cd8c\" data-element_type=\"widget\" data-widget_type=\"image.default\">\n\t\t\t\t<div class=\"elementor-widget-container\">\n\t\t\t\t\t\t\t\t\t\t\t\t\t\t\t<img decoding=\"async\" src=\"https:\/\/vikenpelti.ngmprojektit.fi\/wp-content\/uploads\/elementor\/thumbs\/STANDING_WHITE_1080x952-qvoqb7s3oydcwmrdj63jeocghsx7zu5cf43b5h2z50.png\" title=\"STANDING_WHITE_1080x952\" alt=\"STANDING_WHITE_1080x952\" \/>\t\t\t\t\t\t\t\t\t\t\t\t\t\t\t<\/div>\n\t\t\t\t<\/div>\n\t\t\t\t\t<\/div>\n\t\t<\/div>\n\t\t\t\t\t\t\t<\/div>\n\t\t<\/section>\n\t\t\t\t\t\t<\/div>\n\t\t\t\t\t<\/div>\n\t\t","protected":false},"excerpt":{"rendered":"<p>Ei niin pient\u00e4 ettemme l\u00e4htisiei niin isoa ettemme pystyisi Kattoremontti &#038; Rakennuspeltipalvelut Jyv\u00e4skyl\u00e4n alueella \u00a0 Kaikki asiakkaat ovat meille t\u00e4rkeit\u00e4 ja asiakkaina onkin isoja rakennusliikkeit\u00e4,&hellip;<\/p>\n","protected":false},"author":2,"featured_media":0,"parent":0,"menu_order":0,"comment_status":"closed","ping_status":"closed","template":"","meta":{"footnotes":""},"class_list":["post-6","page","type-page","status-publish","hentry"],"yoast_head":"<!-- This site is optimized with the Yoast SEO plugin v16.1.1 - https:\/\/yoast.com\/wordpress\/plugins\/seo\/ -->\n<title>Kattoremontti Jyv\u00e4skyl\u00e4 - Viken Pelti Oy<\/title>\n<meta name=\"description\" content=\"Kattoremontti sek\u00e4 muut rakennuspeltipalvelut Jyv\u00e4skyl\u00e4ss\u00e4 ja l\u00e4hialueilla kokemuksella sek\u00e4 ammattitaidolla. Tutustu, ota yhteytt\u00e4 ja pyyd\u00e4 tarjous!\" \/>\n<link rel=\"canonical\" href=\"https:\/\/vikenpelti.ngmprojektit.fi\/\" \/>\n<meta property=\"og:locale\" content=\"fi_FI\" \/>\n<meta property=\"og:type\" content=\"article\" \/>\n<meta property=\"og:title\" content=\"Kattoremontti Jyv\u00e4skyl\u00e4 - Viken Pelti Oy\" \/>\n<meta property=\"og:description\" content=\"Kattoremontti sek\u00e4 muut rakennuspeltipalvelut Jyv\u00e4skyl\u00e4ss\u00e4 ja l\u00e4hialueilla kokemuksella sek\u00e4 ammattitaidolla. Tutustu, ota yhteytt\u00e4 ja pyyd\u00e4 tarjous!\" \/>\n<meta property=\"og:url\" content=\"https:\/\/vikenpelti.ngmprojektit.fi\/\" \/>\n<meta property=\"og:site_name\" content=\"Viken Pelti Oy\" \/>\n<meta property=\"article:modified_time\" content=\"2024-11-21T23:00:55+00:00\" \/>\n<meta property=\"og:image\" content=\"https:\/\/vikenpelti.ngmprojektit.fi\/wp-content\/uploads\/2021\/03\/Vintage-Logo.png\" \/>\n<meta name=\"twitter:card\" content=\"summary_large_image\" \/>\n<meta name=\"twitter:label1\" content=\"Arvioitu lukuaika\">\n\t<meta name=\"twitter:data1\" content=\"1 minuutti\">\n<script type=\"application\/ld+json\" class=\"yoast-schema-graph\">{\"@context\":\"https:\/\/schema.org\",\"@graph\":[{\"@type\":\"WebSite\",\"@id\":\"https:\/\/vikenpelti.ngmprojektit.fi\/#website\",\"url\":\"https:\/\/vikenpelti.ngmprojektit.fi\/\",\"name\":\"Viken Pelti Oy\",\"description\":\"\",\"potentialAction\":[{\"@type\":\"SearchAction\",\"target\":\"https:\/\/vikenpelti.ngmprojektit.fi\/?s={search_term_string}\",\"query-input\":\"required name=search_term_string\"}],\"inLanguage\":\"fi\"},{\"@type\":\"ImageObject\",\"@id\":\"https:\/\/vikenpelti.ngmprojektit.fi\/#primaryimage\",\"inLanguage\":\"fi\",\"url\":\"https:\/\/vikenpelti.ngmprojektit.fi\/wp-content\/uploads\/2021\/03\/Vintage-Logo.png\",\"contentUrl\":\"https:\/\/vikenpelti.ngmprojektit.fi\/wp-content\/uploads\/2021\/03\/Vintage-Logo.png\"},{\"@type\":\"WebPage\",\"@id\":\"https:\/\/vikenpelti.ngmprojektit.fi\/#webpage\",\"url\":\"https:\/\/vikenpelti.ngmprojektit.fi\/\",\"name\":\"Kattoremontti Jyv\\u00e4skyl\\u00e4 - Viken Pelti Oy\",\"isPartOf\":{\"@id\":\"https:\/\/vikenpelti.ngmprojektit.fi\/#website\"},\"primaryImageOfPage\":{\"@id\":\"https:\/\/vikenpelti.ngmprojektit.fi\/#primaryimage\"},\"datePublished\":\"2021-03-22T13:27:11+00:00\",\"dateModified\":\"2024-11-21T23:00:55+00:00\",\"description\":\"Kattoremontti sek\\u00e4 muut rakennuspeltipalvelut Jyv\\u00e4skyl\\u00e4ss\\u00e4 ja l\\u00e4hialueilla kokemuksella sek\\u00e4 ammattitaidolla. Tutustu, ota yhteytt\\u00e4 ja pyyd\\u00e4 tarjous!\",\"breadcrumb\":{\"@id\":\"https:\/\/vikenpelti.ngmprojektit.fi\/#breadcrumb\"},\"inLanguage\":\"fi\",\"potentialAction\":[{\"@type\":\"ReadAction\",\"target\":[\"https:\/\/vikenpelti.ngmprojektit.fi\/\"]}]},{\"@type\":\"BreadcrumbList\",\"@id\":\"https:\/\/vikenpelti.ngmprojektit.fi\/#breadcrumb\",\"itemListElement\":[{\"@type\":\"ListItem\",\"position\":1,\"item\":{\"@type\":\"WebPage\",\"@id\":\"https:\/\/vikenpelti.ngmprojektit.fi\/\",\"url\":\"https:\/\/vikenpelti.ngmprojektit.fi\/\",\"name\":\"Etusivu\"}},{\"@type\":\"ListItem\",\"position\":2,\"item\":{\"@type\":\"WebPage\",\"@id\":\"https:\/\/vikenpelti.ngmprojektit.fi\/\",\"url\":\"https:\/\/vikenpelti.ngmprojektit.fi\/\",\"name\":\"Etusivu\"}}]}]}<\/script>\n<!-- \/ Yoast SEO plugin. -->","_links":{"self":[{"href":"https:\/\/vikenpelti.ngmprojektit.fi\/index.php\/wp-json\/wp\/v2\/pages\/6","targetHints":{"allow":["GET"]}}],"collection":[{"href":"https:\/\/vikenpelti.ngmprojektit.fi\/index.php\/wp-json\/wp\/v2\/pages"}],"about":[{"href":"https:\/\/vikenpelti.ngmprojektit.fi\/index.php\/wp-json\/wp\/v2\/types\/page"}],"author":[{"embeddable":true,"href":"https:\/\/vikenpelti.ngmprojektit.fi\/index.php\/wp-json\/wp\/v2\/users\/2"}],"replies":[{"embeddable":true,"href":"https:\/\/vikenpelti.ngmprojektit.fi\/index.php\/wp-json\/wp\/v2\/comments?post=6"}],"version-history":[{"count":186,"href":"https:\/\/vikenpelti.ngmprojektit.fi\/index.php\/wp-json\/wp\/v2\/pages\/6\/revisions"}],"predecessor-version":[{"id":1940,"href":"https:\/\/vikenpelti.ngmprojektit.fi\/index.php\/wp-json\/wp\/v2\/pages\/6\/revisions\/1940"}],"wp:attachment":[{"href":"https:\/\/vikenpelti.ngmprojektit.fi\/index.php\/wp-json\/wp\/v2\/media?parent=6"}],"curies":[{"name":"wp","href":"https:\/\/api.w.org\/{rel}","templated":true}]}}